{"id":1349,"date":"2026-03-11T12:02:43","date_gmt":"2026-03-11T11:02:43","guid":{"rendered":"https:\/\/www.1terreactions.org\/site\/?page_id=1349"},"modified":"2026-03-26T13:31:50","modified_gmt":"2026-03-26T12:31:50","slug":"newsletter","status":"publish","type":"page","link":"http:\/\/www.1terreactions.org\/site\/newsletter\/","title":{"rendered":"Newsletter"},"content":{"rendered":"\t\t<div data-elementor-type=\"wp-page\" data-elementor-id=\"1349\" class=\"elementor elementor-1349\">\n\t\t\t\t<div class=\"elementor-element elementor-element-1f1d2e5 e-flex e-con-boxed wpr-particle-no wpr-jarallax-no wpr-parallax-no wpr-sticky-section-no wpr-equal-height-no e-con e-parent\" data-id=\"1f1d2e5\" data-element_type=\"container\" data-e-type=\"container\">\n\t\t\t\t\t<div class=\"e-con-inner\">\n\t\t\t\t<div class=\"elementor-element elementor-element-d7db5e7 elementor-widget elementor-widget-heading\" data-id=\"d7db5e7\" data-element_type=\"widget\" data-e-type=\"widget\" data-widget_type=\"heading.default\">\n\t\t\t\t\t<h2 class=\"elementor-heading-title elementor-size-default\">Lire nos Newsletter : <\/h2>\t\t\t\t<\/div>\n\t\t\t\t<div class=\"elementor-element elementor-element-2c1b502 elementor-widget elementor-widget-text-editor\" data-id=\"2c1b502\" data-element_type=\"widget\" data-e-type=\"widget\" data-widget_type=\"text-editor.default\">\n\t\t\t\t\t\t\t\t\t<ul><li><a href=\"http:\/\/www.1terreactions.org\/site\/wp-content\/uploads\/2026\/03\/Newsletter-mars-2026.pdf\">Mars 2026<\/a><\/li><li><a href=\"http:\/\/www.1terreactions.org\/site\/wp-content\/uploads\/2026\/02\/Lettre-dinfo-Fevrier.pdf\">F\u00e9vrier 2026<\/a><\/li><li><a href=\"http:\/\/www.1terreactions.org\/site\/wp-content\/uploads\/2026\/02\/Lettre-dinfo-Janvier.pdf\" target=\"_blank\" rel=\"noreferrer noopener\" aria-label=\"- Janvier 2026 (s\u2019ouvre dans un nouvel onglet)\">Janvier 2026<\/a><\/li><li><a href=\"http:\/\/www.1terreactions.org\/site\/25-06-lettre-info-1ta\/\">Juin 2025<\/a><\/li><li><a href=\"http:\/\/www.1terreactions.org\/site\/wp-content\/uploads\/2025\/05\/25-03-Lettre-info-1TA.pdf\" target=\"_blank\" rel=\"noreferrer noopener\" aria-label=\"Mars (s\u2019ouvre dans un nouvel onglet)\">Mars 2025<\/a><\/li><li><a href=\"http:\/\/www.1terreactions.org\/site\/wp-content\/uploads\/2025\/03\/24-12-Lettre-info-1TA.pdf\" target=\"_blank\" rel=\"noreferrer noopener\" aria-label=\" (s\u2019ouvre dans un nouvel onglet)\">D\u00e9cembre 2024<\/a><\/li><li><a href=\"http:\/\/www.1terreactions.org\/site\/wp-content\/uploads\/2025\/03\/24-09-Lettre-info-1TA.pdf\" target=\"_blank\" rel=\"noreferrer noopener\" aria-label=\" (s\u2019ouvre dans un nouvel onglet)\">Septembre 2024<\/a><\/li><li><a href=\"http:\/\/www.1terreactions.org\/site\/wp-content\/uploads\/2025\/03\/24-03-Lettre-info-1TA.pdf\" target=\"_blank\" rel=\"noreferrer noopener\" aria-label=\" (s\u2019ouvre dans un nouvel onglet)\">Mars 2024<\/a><\/li><li><a href=\"http:\/\/www.1terreactions.org\/site\/wp-content\/uploads\/2025\/03\/23-12-Lettre-info-1TA.pdf\" target=\"_blank\" rel=\"noreferrer noopener\" aria-label=\" (s\u2019ouvre dans un nouvel onglet)\">D\u00e9cembre 2023<\/a><\/li><li><a href=\"http:\/\/www.1terreactions.org\/site\/wp-content\/uploads\/2025\/03\/23-09-Lettre-info-1TA.pdf\" target=\"_blank\" rel=\"noreferrer noopener\" aria-label=\" (s\u2019ouvre dans un nouvel onglet)\">Septembre 2023<\/a><\/li><\/ul>\t\t\t\t\t\t\t\t<\/div>\n\t\t\t\t\t<\/div>\n\t\t\t\t<\/div>\n\t\t<div class=\"elementor-element elementor-element-6bf0d3e e-flex e-con-boxed wpr-particle-no wpr-jarallax-no wpr-parallax-no wpr-sticky-section-no wpr-equal-height-no e-con e-parent\" data-id=\"6bf0d3e\" data-element_type=\"container\" data-e-type=\"container\">\n\t\t\t\t\t<div class=\"e-con-inner\">\n\t\t\t\t<div class=\"elementor-element elementor-element-78238b4 elementor-widget elementor-widget-heading\" data-id=\"78238b4\" data-element_type=\"widget\" data-e-type=\"widget\" data-widget_type=\"heading.default\">\n\t\t\t\t\t<h2 class=\"elementor-heading-title elementor-size-default\">S'abonner \u00e0 notre newsletter : <\/h2>\t\t\t\t<\/div>\n\t\t\t\t<div class=\"elementor-element elementor-element-4ddf2c7 elementor-widget elementor-widget-html\" data-id=\"4ddf2c7\" data-element_type=\"widget\" data-e-type=\"widget\" data-widget_type=\"html.default\">\n\t\t\t\t\t<figure><iframe src=\"https:\/\/framaforms.org\/newsletter-1-terre-actions-1768467170\" width=\"100%\" height=\"800\"><\/iframe><\/figure>\t\t\t\t<\/div>\n\t\t\t\t\t<\/div>\n\t\t\t\t<\/div>\n\t\t\t\t<\/div>\n\t\t","protected":false},"excerpt":{"rendered":"<p>Lire nos Newsletter : Mars 2026 F\u00e9vrier 2026 Janvier 2026 Juin 2025 Mars 2025 D\u00e9cembre 2024 Septembre 2024 Mars 2024 D\u00e9cembre 2023 Septembre 2023 S&rsquo;abonner \u00e0 notre newsletter :<\/p>\n","protected":false},"author":2,"featured_media":0,"parent":0,"menu_order":0,"comment_status":"closed","ping_status":"closed","template":"","meta":{"site-sidebar-layout":"no-sidebar","site-content-layout":"","ast-site-content-layout":"full-width-container","site-content-style":"default","site-sidebar-style":"default","ast-global-header-display":"","ast-banner-title-visibility":"","ast-main-header-display":"","ast-hfb-above-header-display":"","ast-hfb-below-header-display":"","ast-hfb-mobile-header-display":"","site-post-title":"","ast-breadcrumbs-content":"","ast-featured-img":"disabled","footer-sml-layout":"","ast-disable-related-posts":"","theme-transparent-header-meta":"","adv-header-id-meta":"","stick-header-meta":"","header-above-stick-meta":"","header-main-stick-meta":"","header-below-stick-meta":"","astra-migrate-meta-layouts":"default","ast-page-background-enabled":"default","ast-page-background-meta":{"desktop":{"background-color":"var(--ast-global-color-5)","background-image":"","background-repeat":"repeat","background-position":"center center","background-size":"auto","background-attachment":"scroll","background-type":"","background-media":"","overlay-type":"","overlay-color":"","overlay-opacity":"","overlay-gradient":""},"tablet":{"background-color":"","background-image":"","background-repeat":"repeat","background-position":"center center","background-size":"auto","background-attachment":"scroll","background-type":"","background-media":"","overlay-type":"","overlay-color":"","overlay-opacity":"","overlay-gradient":""},"mobile":{"background-color":"","background-image":"","background-repeat":"repeat","background-position":"center center","background-size":"auto","background-attachment":"scroll","background-type":"","background-media":"","overlay-type":"","overlay-color":"","overlay-opacity":"","overlay-gradient":""}},"ast-content-background-meta":{"desktop":{"background-color":"var(--ast-global-color-4)","background-image":"","background-repeat":"repeat","background-position":"center center","background-size":"auto","background-attachment":"scroll","background-type":"","background-media":"","overlay-type":"","overlay-color":"","overlay-opacity":"","overlay-gradient":""},"tablet":{"background-color":"var(--ast-global-color-4)","background-image":"","background-repeat":"repeat","background-position":"center center","background-size":"auto","background-attachment":"scroll","background-type":"","background-media":"","overlay-type":"","overlay-color":"","overlay-opacity":"","overlay-gradient":""},"mobile":{"background-color":"var(--ast-global-color-4)","background-image":"","background-repeat":"repeat","background-position":"center center","background-size":"auto","background-attachment":"scroll","background-type":"","background-media":"","overlay-type":"","overlay-color":"","overlay-opacity":"","overlay-gradient":""}},"footnotes":""},"class_list":["post-1349","page","type-page","status-publish","hentry"],"_links":{"self":[{"href":"http:\/\/www.1terreactions.org\/site\/wp-json\/wp\/v2\/pages\/1349","targetHints":{"allow":["GET"]}}],"collection":[{"href":"http:\/\/www.1terreactions.org\/site\/wp-json\/wp\/v2\/pages"}],"about":[{"href":"http:\/\/www.1terreactions.org\/site\/wp-json\/wp\/v2\/types\/page"}],"author":[{"embeddable":true,"href":"http:\/\/www.1terreactions.org\/site\/wp-json\/wp\/v2\/users\/2"}],"replies":[{"embeddable":true,"href":"http:\/\/www.1terreactions.org\/site\/wp-json\/wp\/v2\/comments?post=1349"}],"version-history":[{"count":7,"href":"http:\/\/www.1terreactions.org\/site\/wp-json\/wp\/v2\/pages\/1349\/revisions"}],"predecessor-version":[{"id":1691,"href":"http:\/\/www.1terreactions.org\/site\/wp-json\/wp\/v2\/pages\/1349\/revisions\/1691"}],"wp:attachment":[{"href":"http:\/\/www.1terreactions.org\/site\/wp-json\/wp\/v2\/media?parent=1349"}],"curies":[{"name":"wp","href":"https:\/\/api.w.org\/{rel}","templated":true}]}}