{"id":151,"date":"2017-12-27T09:17:18","date_gmt":"2017-12-27T08:17:18","guid":{"rendered":"http:\/\/www.1terreactions.org\/site\/?page_id=151"},"modified":"2026-03-18T14:10:02","modified_gmt":"2026-03-18T13:10:02","slug":"atelier-mobile","status":"publish","type":"page","link":"http:\/\/www.1terreactions.org\/site\/atelier-mobile\/","title":{"rendered":"Ateliers Mobiles"},"content":{"rendered":"\t\t<div data-elementor-type=\"wp-page\" data-elementor-id=\"151\" class=\"elementor elementor-151\">\n\t\t\t\t<div class=\"elementor-element elementor-element-4139dddb e-con-full e-flex wpr-particle-no wpr-jarallax-no wpr-parallax-no wpr-sticky-section-no wpr-equal-height-no e-con e-parent\" data-id=\"4139dddb\" data-element_type=\"container\" data-e-type=\"container\">\n\t\t\t\t<div class=\"elementor-element elementor-element-199a6e2 elementor-widget elementor-widget-heading\" data-id=\"199a6e2\" data-element_type=\"widget\" data-e-type=\"widget\" data-widget_type=\"heading.default\">\n\t\t\t\t\t<h2 class=\"elementor-heading-title elementor-size-default\">Atelier Mobile<\/h2>\t\t\t\t<\/div>\n\t\t\t\t<div class=\"elementor-element elementor-element-bfd8fc9 elementor-widget elementor-widget-text-editor\" data-id=\"bfd8fc9\" data-element_type=\"widget\" data-e-type=\"widget\" data-widget_type=\"text-editor.default\">\n\t\t\t\t\t\t\t\t\t<p>Comme son nom l&rsquo;indique, il s&rsquo;agit d&rsquo;ateliers \u00e0 l&rsquo;ext\u00e9rieur de nos locaux, tout autour de la m\u00e9tropole orl\u00e9anaise.<\/p>\n<p>Equip\u00e9s d&rsquo;un camion rempli d&rsquo;outils et de pi\u00e8ces d\u00e9tach\u00e9es, nous animons sur demande des <strong>ateliers<\/strong> lors de <strong>manifestations, \u00e9v\u00e8nements et<\/strong> <strong>occasions diverses<\/strong>.<\/p>\n<p>Nous effectuons lors de ces ateliers, des <strong>contr\u00f4les techniques <\/strong>et\u00a0des <strong>petites r\u00e9parations<\/strong>, et nous apportons nos <strong>conseils personnalis\u00e9s<\/strong> pour entretenir sa <strong>bicyclette<\/strong>.<\/p>\t\t\t\t\t\t\t\t<\/div>\n\t\t\t\t<div class=\"elementor-element elementor-element-f666f1f elementor-arrows-position-inside elementor-pagination-position-outside elementor-widget elementor-widget-image-carousel\" data-id=\"f666f1f\" data-element_type=\"widget\" data-e-type=\"widget\" data-settings=\"{&quot;autoplay_speed&quot;:10000,&quot;speed&quot;:1000,&quot;navigation&quot;:&quot;both&quot;,&quot;autoplay&quot;:&quot;yes&quot;,&quot;pause_on_hover&quot;:&quot;yes&quot;,&quot;pause_on_interaction&quot;:&quot;yes&quot;,&quot;infinite&quot;:&quot;yes&quot;}\" data-widget_type=\"image-carousel.default\">\n\t\t\t\t\t\t\t<div class=\"elementor-image-carousel-wrapper swiper\" role=\"region\" aria-roledescription=\"carousel\" aria-label=\"Carrousel d\u2019images\" dir=\"ltr\">\n\t\t\t<div class=\"elementor-image-carousel swiper-wrapper\" aria-live=\"off\">\n\t\t\t\t\t\t\t\t<div class=\"swiper-slide\" role=\"group\" aria-roledescription=\"slide\" aria-label=\"1 sur 7\"><figure class=\"swiper-slide-inner\"><img decoding=\"async\" class=\"swiper-slide-image\" src=\"http:\/\/www.1terreactions.org\/site\/wp-content\/uploads\/2026\/03\/Atelier-mobile-2.jpg\" alt=\"Atelier mobile 2\" \/><\/figure><\/div><div class=\"swiper-slide\" role=\"group\" aria-roledescription=\"slide\" aria-label=\"2 sur 7\"><figure class=\"swiper-slide-inner\"><img decoding=\"async\" class=\"swiper-slide-image\" src=\"http:\/\/www.1terreactions.org\/site\/wp-content\/uploads\/2026\/03\/1.jpg\" alt=\"1\" \/><\/figure><\/div><div class=\"swiper-slide\" role=\"group\" aria-roledescription=\"slide\" aria-label=\"3 sur 7\"><figure class=\"swiper-slide-inner\"><img decoding=\"async\" class=\"swiper-slide-image\" src=\"http:\/\/www.1terreactions.org\/site\/wp-content\/uploads\/2026\/02\/bailleur-2-768x576.jpg\" alt=\"bailleur 2\" \/><\/figure><\/div><div class=\"swiper-slide\" role=\"group\" aria-roledescription=\"slide\" aria-label=\"4 sur 7\"><figure class=\"swiper-slide-inner\"><img decoding=\"async\" class=\"swiper-slide-image\" src=\"http:\/\/www.1terreactions.org\/site\/wp-content\/uploads\/2024\/10\/PXL_20240515_131719474-768x432.jpg\" alt=\"PXL_20240515_131719474\" \/><\/figure><\/div><div class=\"swiper-slide\" role=\"group\" aria-roledescription=\"slide\" aria-label=\"5 sur 7\"><figure class=\"swiper-slide-inner\"><img decoding=\"async\" class=\"swiper-slide-image\" src=\"http:\/\/www.1terreactions.org\/site\/wp-content\/uploads\/2023\/09\/Mardi\u00e9_Mai_2023-768x432.png\" alt=\"Mardi\u00e9_Mai_2023\" \/><\/figure><\/div><div class=\"swiper-slide\" role=\"group\" aria-roledescription=\"slide\" aria-label=\"6 sur 7\"><figure class=\"swiper-slide-inner\"><img decoding=\"async\" class=\"swiper-slide-image\" src=\"http:\/\/www.1terreactions.org\/site\/wp-content\/uploads\/2017\/12\/CulUvH2WEAIxdIg-768x576.jpg\" alt=\"CulUvH2WEAIxdIg\" \/><\/figure><\/div><div class=\"swiper-slide\" role=\"group\" aria-roledescription=\"slide\" aria-label=\"7 sur 7\"><figure class=\"swiper-slide-inner\"><img decoding=\"async\" class=\"swiper-slide-image\" src=\"http:\/\/www.1terreactions.org\/site\/wp-content\/uploads\/2023\/09\/St_Denis_Val_11_06_23_9-1-768x576.jpg\" alt=\"St_Denis_Val_11_06_23_9\" \/><\/figure><\/div>\t\t\t<\/div>\n\t\t\t\t\t\t\t\t\t\t\t\t<div class=\"elementor-swiper-button elementor-swiper-button-prev\" role=\"button\" tabindex=\"0\">\n\t\t\t\t\t\t<svg aria-hidden=\"true\" class=\"e-font-icon-svg e-eicon-chevron-left\" viewBox=\"0 0 1000 1000\" xmlns=\"http:\/\/www.w3.org\/2000\/svg\"><path d=\"M646 125C629 125 613 133 604 142L308 442C296 454 292 471 292 487 292 504 296 521 308 533L604 854C617 867 629 875 646 875 663 875 679 871 692 858 704 846 713 829 713 812 713 796 708 779 692 767L438 487 692 225C700 217 708 204 708 187 708 171 704 154 692 142 675 129 663 125 646 125Z\"><\/path><\/svg>\t\t\t\t\t<\/div>\n\t\t\t\t\t<div class=\"elementor-swiper-button elementor-swiper-button-next\" role=\"button\" tabindex=\"0\">\n\t\t\t\t\t\t<svg aria-hidden=\"true\" class=\"e-font-icon-svg e-eicon-chevron-right\" viewBox=\"0 0 1000 1000\" xmlns=\"http:\/\/www.w3.org\/2000\/svg\"><path d=\"M696 533C708 521 713 504 713 487 713 471 708 454 696 446L400 146C388 133 375 125 354 125 338 125 325 129 313 142 300 154 292 171 292 187 292 204 296 221 308 233L563 492 304 771C292 783 288 800 288 817 288 833 296 850 308 863 321 871 338 875 354 875 371 875 388 867 400 854L696 533Z\"><\/path><\/svg>\t\t\t\t\t<\/div>\n\t\t\t\t\n\t\t\t\t\t\t\t\t\t<div class=\"swiper-pagination\"><\/div>\n\t\t\t\t\t\t\t\t\t<\/div>\n\t\t\t\t\t\t<\/div>\n\t\t\t\t<div class=\"elementor-element elementor-element-7a8ab18 elementor-widget elementor-widget-text-editor\" data-id=\"7a8ab18\" data-element_type=\"widget\" data-e-type=\"widget\" data-widget_type=\"text-editor.default\">\n\t\t\t\t\t\t\t\t\t<p>Notre mobilit\u00e9 nous permet d&rsquo;intervenir un peu partout et notamment en <strong>milieu rural<\/strong>.<\/p>\n<p><strong>Entreprise, organisation, association, organisateur d&rsquo;\u00e9v\u00e8nements<\/strong>, n&rsquo;h\u00e9sitez pas \u00e0 <a href=\"http:\/\/www.1terreactions.org\/site\/infos-pratiques\">prendre contact<\/a> avec nous pour mettre en place une <strong>intervention<\/strong> directement dans vos locaux.<\/p>\t\t\t\t\t\t\t\t<\/div>\n\t\t\t\t<div class=\"elementor-element elementor-element-c689c54 elementor-widget elementor-widget-heading\" data-id=\"c689c54\" data-element_type=\"widget\" data-e-type=\"widget\" data-widget_type=\"heading.default\">\n\t\t\t\t\t<h2 class=\"elementor-heading-title elementor-size-default\">Nos ateliers mobiles grand public<\/h2>\t\t\t\t<\/div>\n\t\t\t\t<div class=\"elementor-element elementor-element-7ae81e9 elementor-widget elementor-widget-text-editor\" data-id=\"7ae81e9\" data-element_type=\"widget\" data-e-type=\"widget\" data-widget_type=\"text-editor.default\">\n\t\t\t\t\t\t\t\t\t<p>La M\u00e9tropole, les bailleurs sociaux et nos autres <a href=\"https:\/\/www.1terreactions.org\/site\/nos-partenaires\/\">partenaires<\/a> organisent des ateliers mobiles sur leurs territoires, \u00e0 destination du grand public. Retrouvez-ci dessous (ou <a href=\"https:\/\/www.1terreactions.org\/site\/agenda\/\">ici<\/a>) nos diff\u00e9rentes dates et lieux.\u00a0<\/p>\t\t\t\t\t\t\t\t<\/div>\n\t\t\t\t<div class=\"elementor-element elementor-element-be884c7 elementor-widget elementor-widget-video\" data-id=\"be884c7\" data-element_type=\"widget\" data-e-type=\"widget\" data-settings=\"{&quot;video_type&quot;:&quot;hosted&quot;,&quot;loop&quot;:&quot;yes&quot;,&quot;controls&quot;:&quot;yes&quot;}\" data-widget_type=\"video.default\">\n\t\t\t\t\t\t\t<div class=\"e-hosted-video elementor-wrapper elementor-open-inline\">\n\t\t\t\t\t<video class=\"elementor-video\" src=\"http:\/\/www.1terreactions.org\/site\/wp-content\/uploads\/2026\/03\/Prog-ateliers-mobiles1.mp4\" loop=\"\" controls=\"\" preload=\"metadata\" controlsList=\"nodownload\"><\/video>\n\t\t\t\t<\/div>\n\t\t\t\t\t\t<\/div>\n\t\t\t\t<\/div>\n\t\t\t\t<\/div>\n\t\t","protected":false},"excerpt":{"rendered":"<p>Atelier Mobile Comme son nom l&rsquo;indique, il s&rsquo;agit d&rsquo;ateliers \u00e0 l&rsquo;ext\u00e9rieur de nos locaux, tout autour de la m\u00e9tropole orl\u00e9anaise. Equip\u00e9s d&rsquo;un camion rempli d&rsquo;outils et de pi\u00e8ces d\u00e9tach\u00e9es, nous animons sur demande des ateliers lors de manifestations, \u00e9v\u00e8nements et occasions diverses. Nous effectuons lors de ces ateliers, des contr\u00f4les techniques et\u00a0des petites r\u00e9parations, et nous apportons nos conseils personnalis\u00e9s pour entretenir sa bicyclette. Notre mobilit\u00e9 nous permet d&rsquo;intervenir un peu partout et notamment en milieu rural. Entreprise, organisation, association, organisateur d&rsquo;\u00e9v\u00e8nements, n&rsquo;h\u00e9sitez pas \u00e0 prendre contact avec nous pour mettre en place une intervention directement dans vos locaux. Nos ateliers mobiles grand public La M\u00e9tropole, les bailleurs sociaux et nos autres partenaires organisent des ateliers mobiles sur leurs territoires, \u00e0 destination du grand public. Retrouvez-ci dessous (ou ici) nos diff\u00e9rentes dates et lieux.\u00a0 http:\/\/www.1terreactions.org\/site\/wp-content\/uploads\/2026\/03\/Prog-ateliers-mobiles1.mp4<\/p>\n","protected":false},"author":2,"featured_media":0,"parent":0,"menu_order":0,"comment_status":"closed","ping_status":"closed","template":"","meta":{"site-sidebar-layout":"default","site-content-layout":"","ast-site-content-layout":"default","site-content-style":"default","site-sidebar-style":"default","ast-global-header-display":"","ast-banner-title-visibility":"","ast-main-header-display":"","ast-hfb-above-header-display":"","ast-hfb-below-header-display":"","ast-hfb-mobile-header-display":"","site-post-title":"","ast-breadcrumbs-content":"","ast-featured-img":"","footer-sml-layout":"","ast-disable-related-posts":"","theme-transparent-header-meta":"","adv-header-id-meta":"","stick-header-meta":"","header-above-stick-meta":"","header-main-stick-meta":"","header-below-stick-meta":"","astra-migrate-meta-layouts":"default","ast-page-background-enabled":"default","ast-page-background-meta":{"desktop":{"background-color":"var(--ast-global-color-5)","background-image":"","background-repeat":"repeat","background-position":"center center","background-size":"auto","background-attachment":"scroll","background-type":"","background-media":"","overlay-type":"","overlay-color":"","overlay-opacity":"","overlay-gradient":""},"tablet":{"background-color":"","background-image":"","background-repeat":"repeat","background-position":"center center","background-size":"auto","background-attachment":"scroll","background-type":"","background-media":"","overlay-type":"","overlay-color":"","overlay-opacity":"","overlay-gradient":""},"mobile":{"background-color":"","background-image":"","background-repeat":"repeat","background-position":"center center","background-size":"auto","background-attachment":"scroll","background-type":"","background-media":"","overlay-type":"","overlay-color":"","overlay-opacity":"","overlay-gradient":""}},"ast-content-background-meta":{"desktop":{"background-color":"var(--ast-global-color-4)","background-image":"","background-repeat":"repeat","background-position":"center center","background-size":"auto","background-attachment":"scroll","background-type":"","background-media":"","overlay-type":"","overlay-color":"","overlay-opacity":"","overlay-gradient":""},"tablet":{"background-color":"var(--ast-global-color-4)","background-image":"","background-repeat":"repeat","background-position":"center center","background-size":"auto","background-attachment":"scroll","background-type":"","background-media":"","overlay-type":"","overlay-color":"","overlay-opacity":"","overlay-gradient":""},"mobile":{"background-color":"var(--ast-global-color-4)","background-image":"","background-repeat":"repeat","background-position":"center center","background-size":"auto","background-attachment":"scroll","background-type":"","background-media":"","overlay-type":"","overlay-color":"","overlay-opacity":"","overlay-gradient":""}},"footnotes":""},"class_list":["post-151","page","type-page","status-publish","hentry"],"_links":{"self":[{"href":"http:\/\/www.1terreactions.org\/site\/wp-json\/wp\/v2\/pages\/151","targetHints":{"allow":["GET"]}}],"collection":[{"href":"http:\/\/www.1terreactions.org\/site\/wp-json\/wp\/v2\/pages"}],"about":[{"href":"http:\/\/www.1terreactions.org\/site\/wp-json\/wp\/v2\/types\/page"}],"author":[{"embeddable":true,"href":"http:\/\/www.1terreactions.org\/site\/wp-json\/wp\/v2\/users\/2"}],"replies":[{"embeddable":true,"href":"http:\/\/www.1terreactions.org\/site\/wp-json\/wp\/v2\/comments?post=151"}],"version-history":[{"count":48,"href":"http:\/\/www.1terreactions.org\/site\/wp-json\/wp\/v2\/pages\/151\/revisions"}],"predecessor-version":[{"id":1615,"href":"http:\/\/www.1terreactions.org\/site\/wp-json\/wp\/v2\/pages\/151\/revisions\/1615"}],"wp:attachment":[{"href":"http:\/\/www.1terreactions.org\/site\/wp-json\/wp\/v2\/media?parent=151"}],"curies":[{"name":"wp","href":"https:\/\/api.w.org\/{rel}","templated":true}]}}