{"id":2,"date":"2017-10-27T21:37:26","date_gmt":"2017-10-27T19:37:26","guid":{"rendered":"http:\/\/www.1terreactions.org\/site\/?page_id=2"},"modified":"2026-03-18T14:34:16","modified_gmt":"2026-03-18T13:34:16","slug":"presentation","status":"publish","type":"page","link":"http:\/\/www.1terreactions.org\/site\/presentation\/","title":{"rendered":"L&rsquo;association"},"content":{"rendered":"\t\t<div data-elementor-type=\"wp-page\" data-elementor-id=\"2\" class=\"elementor elementor-2\">\n\t\t\t\t<div class=\"elementor-element elementor-element-7c19d3d1 e-con-full e-flex wpr-particle-no wpr-jarallax-no wpr-parallax-no wpr-sticky-section-no wpr-equal-height-no e-con e-parent\" data-id=\"7c19d3d1\" data-element_type=\"container\" data-e-type=\"container\">\n\t\t\t\t<div class=\"elementor-element elementor-element-ad5ceed elementor-widget elementor-widget-heading\" data-id=\"ad5ceed\" data-element_type=\"widget\" data-e-type=\"widget\" data-widget_type=\"heading.default\">\n\t\t\t\t\t<h2 class=\"elementor-heading-title elementor-size-default\">Notre histoire<\/h2>\t\t\t\t<\/div>\n\t\t\t\t<div class=\"elementor-element elementor-element-b6c0494 elementor-widget elementor-widget-image\" data-id=\"b6c0494\" data-element_type=\"widget\" data-e-type=\"widget\" data-widget_type=\"image.default\">\n\t\t\t\t\t\t\t\t\t\t\t\t\t\t\t<img fetchpriority=\"high\" decoding=\"async\" width=\"768\" height=\"1086\" src=\"http:\/\/www.1terreactions.org\/site\/wp-content\/uploads\/2024\/10\/historique-1TA-frise-chronologique-768x1086.png\" class=\"attachment-medium_large size-medium_large wp-image-642\" alt=\"\" srcset=\"http:\/\/www.1terreactions.org\/site\/wp-content\/uploads\/2024\/10\/historique-1TA-frise-chronologique-768x1086.png 768w, http:\/\/www.1terreactions.org\/site\/wp-content\/uploads\/2024\/10\/historique-1TA-frise-chronologique-212x300.png 212w, http:\/\/www.1terreactions.org\/site\/wp-content\/uploads\/2024\/10\/historique-1TA-frise-chronologique-724x1024.png 724w, http:\/\/www.1terreactions.org\/site\/wp-content\/uploads\/2024\/10\/historique-1TA-frise-chronologique.png 1414w\" sizes=\"(max-width: 768px) 100vw, 768px\" \/>\t\t\t\t\t\t\t\t\t\t\t\t\t\t\t<\/div>\n\t\t\t\t<div class=\"elementor-element elementor-element-e4bdba7 elementor-widget elementor-widget-spacer\" data-id=\"e4bdba7\" data-element_type=\"widget\" data-e-type=\"widget\" data-widget_type=\"spacer.default\">\n\t\t\t\t\t\t\t<div class=\"elementor-spacer\">\n\t\t\t<div class=\"elementor-spacer-inner\"><\/div>\n\t\t<\/div>\n\t\t\t\t\t\t<\/div>\n\t\t\t\t<div class=\"elementor-element elementor-element-c9ea757 elementor-widget elementor-widget-heading\" data-id=\"c9ea757\" data-element_type=\"widget\" data-e-type=\"widget\" data-widget_type=\"heading.default\">\n\t\t\t\t\t<h2 class=\"elementor-heading-title elementor-size-default\">Nos valeurs<\/h2>\t\t\t\t<\/div>\n\t\t\t\t<div class=\"elementor-element elementor-element-427a12c elementor-widget elementor-widget-text-editor\" data-id=\"427a12c\" data-element_type=\"widget\" data-e-type=\"widget\" data-widget_type=\"text-editor.default\">\n\t\t\t\t\t\t\t\t\t<p>1-Terre-Actions est un acteur central du recyclage et du r\u00e9emploi des cycles facilitant l\u2019acc\u00e8s au v\u00e9lo quelle que soit sa condition sociale.<br \/>1-Terre-actions allie comp\u00e9tences et convictions dans le cadre du d\u00e9veloppement durable.<\/p><p>1-Terre-actions est une association forte des valeurs partag\u00e9es par ses adh\u00e9rent\u00b7e\u00b7s, ses b\u00e9n\u00e9voles et l\u2019\u00e9quipe professionnelle :<\/p><ul><li><strong>L\u2019engagement aupr\u00e8s des habitants, des partenaires et des pouvoirs publics pour promouvoir la pratique du v\u00e9lo et la rendre accessible au plus grand nombre.<\/strong><\/li><\/ul><ul class=\"wp-block-list\"><li><strong>Le partage<\/strong> : la transmission des savoirs et l\u2019\u00e9change des bonnes pratiques permettant \u00e0 tout\u00b7e adh\u00e9rent\u00b7e d\u2019entretenir et de r\u00e9parer son v\u00e9lo lui-m\u00eame.<\/li><\/ul><ul class=\"wp-block-list\"><li><strong>La cr\u00e9ation de valeurs et de liens, <\/strong>en donnant une seconde vie \u00e0 de nombreux v\u00e9los tout en r\u00e9duisant les d\u00e9chets et en amenant tout un chacun \u00e0 consommer autrement.<\/li><\/ul><p>\u00a0<\/p><p>Retrouvez <a href=\"http:\/\/www.1terreactions.org\/site\/wp-content\/uploads\/2023\/09\/STATUT-1TA-VF.pdf\">ici<\/a> le statut de l&rsquo;association.<\/p>\t\t\t\t\t\t\t\t<\/div>\n\t\t\t\t<\/div>\n\t\t\t\t<\/div>\n\t\t","protected":false},"excerpt":{"rendered":"<p>Notre histoire Nos valeurs 1-Terre-Actions est un acteur central du recyclage et du r\u00e9emploi des cycles facilitant l\u2019acc\u00e8s au v\u00e9lo quelle que soit sa condition sociale.1-Terre-actions allie comp\u00e9tences et convictions dans le cadre du d\u00e9veloppement durable. 1-Terre-actions est une association forte des valeurs partag\u00e9es par ses adh\u00e9rent\u00b7e\u00b7s, ses b\u00e9n\u00e9voles et l\u2019\u00e9quipe professionnelle : L\u2019engagement aupr\u00e8s des habitants, des partenaires et des pouvoirs publics pour promouvoir la pratique du v\u00e9lo et la rendre accessible au plus grand nombre. Le partage : la transmission des savoirs et l\u2019\u00e9change des bonnes pratiques permettant \u00e0 tout\u00b7e adh\u00e9rent\u00b7e d\u2019entretenir et de r\u00e9parer son v\u00e9lo lui-m\u00eame. La cr\u00e9ation de valeurs et de liens, en donnant une seconde vie \u00e0 de nombreux v\u00e9los tout en r\u00e9duisant les d\u00e9chets et en amenant tout un chacun \u00e0 consommer autrement. \u00a0 Retrouvez ici le statut de l&rsquo;association.<\/p>\n","protected":false},"author":1,"featured_media":0,"parent":0,"menu_order":1,"comment_status":"closed","ping_status":"closed","template":"","meta":{"site-sidebar-layout":"default","site-content-layout":"","ast-site-content-layout":"default","site-content-style":"default","site-sidebar-style":"default","ast-global-header-display":"","ast-banner-title-visibility":"","ast-main-header-display":"","ast-hfb-above-header-display":"","ast-hfb-below-header-display":"","ast-hfb-mobile-header-display":"","site-post-title":"","ast-breadcrumbs-content":"","ast-featured-img":"","footer-sml-layout":"","ast-disable-related-posts":"","theme-transparent-header-meta":"","adv-header-id-meta":"","stick-header-meta":"","header-above-stick-meta":"","header-main-stick-meta":"","header-below-stick-meta":"","astra-migrate-meta-layouts":"default","ast-page-background-enabled":"default","ast-page-background-meta":{"desktop":{"background-color":"var(--ast-global-color-5)","background-image":"","background-repeat":"repeat","background-position":"center center","background-size":"auto","background-attachment":"scroll","background-type":"","background-media":"","overlay-type":"","overlay-color":"","overlay-opacity":"","overlay-gradient":""},"tablet":{"background-color":"","background-image":"","background-repeat":"repeat","background-position":"center center","background-size":"auto","background-attachment":"scroll","background-type":"","background-media":"","overlay-type":"","overlay-color":"","overlay-opacity":"","overlay-gradient":""},"mobile":{"background-color":"","background-image":"","background-repeat":"repeat","background-position":"center center","background-size":"auto","background-attachment":"scroll","background-type":"","background-media":"","overlay-type":"","overlay-color":"","overlay-opacity":"","overlay-gradient":""}},"ast-content-background-meta":{"desktop":{"background-color":"var(--ast-global-color-4)","background-image":"","background-repeat":"repeat","background-position":"center center","background-size":"auto","background-attachment":"scroll","background-type":"","background-media":"","overlay-type":"","overlay-color":"","overlay-opacity":"","overlay-gradient":""},"tablet":{"background-color":"var(--ast-global-color-4)","background-image":"","background-repeat":"repeat","background-position":"center center","background-size":"auto","background-attachment":"scroll","background-type":"","background-media":"","overlay-type":"","overlay-color":"","overlay-opacity":"","overlay-gradient":""},"mobile":{"background-color":"var(--ast-global-color-4)","background-image":"","background-repeat":"repeat","background-position":"center center","background-size":"auto","background-attachment":"scroll","background-type":"","background-media":"","overlay-type":"","overlay-color":"","overlay-opacity":"","overlay-gradient":""}},"footnotes":""},"class_list":["post-2","page","type-page","status-publish","hentry"],"_links":{"self":[{"href":"http:\/\/www.1terreactions.org\/site\/wp-json\/wp\/v2\/pages\/2","targetHints":{"allow":["GET"]}}],"collection":[{"href":"http:\/\/www.1terreactions.org\/site\/wp-json\/wp\/v2\/pages"}],"about":[{"href":"http:\/\/www.1terreactions.org\/site\/wp-json\/wp\/v2\/types\/page"}],"author":[{"embeddable":true,"href":"http:\/\/www.1terreactions.org\/site\/wp-json\/wp\/v2\/users\/1"}],"replies":[{"embeddable":true,"href":"http:\/\/www.1terreactions.org\/site\/wp-json\/wp\/v2\/comments?post=2"}],"version-history":[{"count":98,"href":"http:\/\/www.1terreactions.org\/site\/wp-json\/wp\/v2\/pages\/2\/revisions"}],"predecessor-version":[{"id":1639,"href":"http:\/\/www.1terreactions.org\/site\/wp-json\/wp\/v2\/pages\/2\/revisions\/1639"}],"wp:attachment":[{"href":"http:\/\/www.1terreactions.org\/site\/wp-json\/wp\/v2\/media?parent=2"}],"curies":[{"name":"wp","href":"https:\/\/api.w.org\/{rel}","templated":true}]}}