{"id":66,"date":"2017-12-20T18:43:18","date_gmt":"2017-12-20T17:43:18","guid":{"rendered":"http:\/\/www.1terreactions.org\/site\/?page_id=66"},"modified":"2026-04-20T11:01:50","modified_gmt":"2026-04-20T09:01:50","slug":"donneracheter","status":"publish","type":"page","link":"http:\/\/www.1terreactions.org\/site\/donneracheter\/","title":{"rendered":"Donner &#8211; Acheter un v\u00e9lo"},"content":{"rendered":"\t\t<div data-elementor-type=\"wp-page\" data-elementor-id=\"66\" class=\"elementor elementor-66\">\n\t\t\t\t<div class=\"elementor-element elementor-element-4076ad6 e-flex e-con-boxed wpr-particle-no wpr-jarallax-no wpr-parallax-no wpr-sticky-section-no wpr-equal-height-no e-con e-parent\" data-id=\"4076ad6\" data-element_type=\"container\" data-e-type=\"container\">\n\t\t\t\t\t<div class=\"e-con-inner\">\n\t\t\t\t<div class=\"elementor-element elementor-element-0e990a2 elementor-widget elementor-widget-n-accordion\" data-id=\"0e990a2\" data-element_type=\"widget\" data-e-type=\"widget\" data-settings=\"{&quot;default_state&quot;:&quot;expanded&quot;,&quot;max_items_expended&quot;:&quot;one&quot;,&quot;n_accordion_animation_duration&quot;:{&quot;unit&quot;:&quot;ms&quot;,&quot;size&quot;:400,&quot;sizes&quot;:[]}}\" data-widget_type=\"nested-accordion.default\">\n\t\t\t\t\t\t\t<div class=\"e-n-accordion\" aria-label=\"Accordion. Open links with Enter or Space, close with Escape, and navigate with Arrow Keys\">\n\t\t\t\t\t\t<details id=\"e-n-accordion-item-1530\" class=\"e-n-accordion-item\" open>\n\t\t\t\t<summary class=\"e-n-accordion-item-title\" data-accordion-index=\"1\" tabindex=\"0\" aria-expanded=\"true\" aria-controls=\"e-n-accordion-item-1530\" >\n\t\t\t\t\t<span class='e-n-accordion-item-title-header'><div class=\"e-n-accordion-item-title-text\"> Vous souhaitez donner votre v\u00e9lo ? <\/div><\/span>\n\t\t\t\t\t\t\t<span class='e-n-accordion-item-title-icon'>\n\t\t\t<span class='e-opened' ><svg aria-hidden=\"true\" class=\"e-font-icon-svg e-fas-minus\" viewBox=\"0 0 448 512\" xmlns=\"http:\/\/www.w3.org\/2000\/svg\"><path d=\"M416 208H32c-17.67 0-32 14.33-32 32v32c0 17.67 14.33 32 32 32h384c17.67 0 32-14.33 32-32v-32c0-17.67-14.33-32-32-32z\"><\/path><\/svg><\/span>\n\t\t\t<span class='e-closed'><svg aria-hidden=\"true\" class=\"e-font-icon-svg e-fas-plus\" viewBox=\"0 0 448 512\" xmlns=\"http:\/\/www.w3.org\/2000\/svg\"><path d=\"M416 208H272V64c0-17.67-14.33-32-32-32h-32c-17.67 0-32 14.33-32 32v144H32c-17.67 0-32 14.33-32 32v32c0 17.67 14.33 32 32 32h144v144c0 17.67 14.33 32 32 32h32c17.67 0 32-14.33 32-32V304h144c17.67 0 32-14.33 32-32v-32c0-17.67-14.33-32-32-32z\"><\/path><\/svg><\/span>\n\t\t<\/span>\n\n\t\t\t\t\t\t<\/summary>\n\t\t\t\t<div role=\"region\" aria-labelledby=\"e-n-accordion-item-1530\" class=\"elementor-element elementor-element-112e90f e-con-full e-flex wpr-particle-no wpr-jarallax-no wpr-parallax-no wpr-sticky-section-no wpr-equal-height-no e-con e-child\" data-id=\"112e90f\" data-element_type=\"container\" data-e-type=\"container\">\n\t\t<div role=\"region\" aria-labelledby=\"e-n-accordion-item-1530\" class=\"elementor-element elementor-element-704af12 e-flex e-con-boxed wpr-particle-no wpr-jarallax-no wpr-parallax-no wpr-sticky-section-no wpr-equal-height-no e-con e-child\" data-id=\"704af12\" data-element_type=\"container\" data-e-type=\"container\">\n\t\t\t\t\t<div class=\"e-con-inner\">\n\t\t\t\t<div class=\"elementor-element elementor-element-5db7b20 elementor-widget elementor-widget-text-editor\" data-id=\"5db7b20\" data-element_type=\"widget\" data-e-type=\"widget\" data-widget_type=\"text-editor.default\">\n\t\t\t\t\t\t\t\t\t<p><strong>POUR LES PARTICULIERS<\/strong><\/p><p>Votre v\u00e9lo n\u2019est plus en \u00e9tat, vous ne l\u2019utilisez plus, apportez-le dans nos diff\u00e9rents points de collecte :<\/p><ul><li>nos ateliers<\/li><li>au Comptoir du R\u00e9emploi<\/li><li>dans les d\u00e9chetteries d\u2019Ingr\u00e9, Saint-Cyr en Val, Saran<\/li><\/ul><p>Nous nous ferons un plaisir de lui redonner une<b> seconde vie<\/b>!<br \/>Vous retrouverez les adresses de nos ateliers et du Comptoir du R\u00e9emploi, horaires d\u2019ouverture et num\u00e9ros de t\u00e9l\u00e9phone sur notre page <a href=\"http:\/\/www.1terreactions.org\/site\/infos-pratiques\/\">\u00ab\u00a0<em><strong>Infos Pratiques\u00a0\u00bb<\/strong><\/em><\/a><\/p><p><em>\/!\\ Attention, nous ne r\u00e9alisons pas de collecte \u00e0 domicile, c\u2019est \u00e0 vous de nous apporter vos v\u00e9los.\u00a0<\/em><\/p><p><strong>POUR LES ENTREPRISES, ASSOCIATIONS ET COLLECTIVITES<\/strong><\/p><p>Vous pouvez nous contacter pour organiser une collecte au sein de votre organisation, sur devis<br \/>Contact : 1terreactions@gmail.com<\/p><p><strong>POUR LES COPROPRIETES<\/strong><\/p><p>Les locaux v\u00e9los de vos immeubles sont encombr\u00e9s de v\u00e9los abandonn\u00e9s ? Vous pouvez nous contacter pour organiser un enl\u00e8vement, sur devis<br \/>Contact : 1terreactions@gmail.com<\/p>\t\t\t\t\t\t\t\t<\/div>\n\t\t\t\t\t<\/div>\n\t\t\t\t<\/div>\n\t\t\t\t<\/div>\n\t\t\t\t\t<\/details>\n\t\t\t\t\t\t<details id=\"e-n-accordion-item-1531\" class=\"e-n-accordion-item\" >\n\t\t\t\t<summary class=\"e-n-accordion-item-title\" data-accordion-index=\"2\" tabindex=\"-1\" aria-expanded=\"false\" aria-controls=\"e-n-accordion-item-1531\" >\n\t\t\t\t\t<span class='e-n-accordion-item-title-header'><div class=\"e-n-accordion-item-title-text\"> Vous souhaitez acheter un v\u00e9lo ? <\/div><\/span>\n\t\t\t\t\t\t\t<span class='e-n-accordion-item-title-icon'>\n\t\t\t<span class='e-opened' ><svg aria-hidden=\"true\" class=\"e-font-icon-svg e-fas-minus\" viewBox=\"0 0 448 512\" xmlns=\"http:\/\/www.w3.org\/2000\/svg\"><path d=\"M416 208H32c-17.67 0-32 14.33-32 32v32c0 17.67 14.33 32 32 32h384c17.67 0 32-14.33 32-32v-32c0-17.67-14.33-32-32-32z\"><\/path><\/svg><\/span>\n\t\t\t<span class='e-closed'><svg aria-hidden=\"true\" class=\"e-font-icon-svg e-fas-plus\" viewBox=\"0 0 448 512\" xmlns=\"http:\/\/www.w3.org\/2000\/svg\"><path d=\"M416 208H272V64c0-17.67-14.33-32-32-32h-32c-17.67 0-32 14.33-32 32v144H32c-17.67 0-32 14.33-32 32v32c0 17.67 14.33 32 32 32h144v144c0 17.67 14.33 32 32 32h32c17.67 0 32-14.33 32-32V304h144c17.67 0 32-14.33 32-32v-32c0-17.67-14.33-32-32-32z\"><\/path><\/svg><\/span>\n\t\t<\/span>\n\n\t\t\t\t\t\t<\/summary>\n\t\t\t\t<div role=\"region\" aria-labelledby=\"e-n-accordion-item-1531\" class=\"elementor-element elementor-element-3053f99 e-con-full e-flex wpr-particle-no wpr-jarallax-no wpr-parallax-no wpr-sticky-section-no wpr-equal-height-no e-con e-child\" data-id=\"3053f99\" data-element_type=\"container\" data-e-type=\"container\">\n\t\t<div role=\"region\" aria-labelledby=\"e-n-accordion-item-1531\" class=\"elementor-element elementor-element-4877696 e-flex e-con-boxed wpr-particle-no wpr-jarallax-no wpr-parallax-no wpr-sticky-section-no wpr-equal-height-no e-con e-child\" data-id=\"4877696\" data-element_type=\"container\" data-e-type=\"container\">\n\t\t\t\t\t<div class=\"e-con-inner\">\n\t\t\t\t<div class=\"elementor-element elementor-element-eca707d elementor-widget elementor-widget-text-editor\" data-id=\"eca707d\" data-element_type=\"widget\" data-e-type=\"widget\" data-widget_type=\"text-editor.default\">\n\t\t\t\t\t\t\t\t\t<p>Acheter un v\u00e9lo de seconde main provenant de nos ateliers est un acte fort de sens pour le d\u00e9veloppement durable.<br \/><strong>Consommons autrement !<\/strong><\/p><p>L\u2019association propose un service de vente de v\u00e9los restaur\u00e9s\u00a0 :<\/p><ul><li>dans nos ateliers de l\u2019Argonne et de la Source<\/li><li>au Comptoir du R\u00e9emploi<\/li><li>\u00e0 la Ressourcerie AAA<\/li><\/ul><p>Retrouvez les adresses et horaires d\u2019ouverture sur notre page <a href=\"http:\/\/www.1terreactions.org\/site\/infos-pratiques\/\">\u00ab\u00a0<em>Infos Pratiques\u00a0\u00bb<\/em><\/a><\/p><p>Vous pouvez aussi, plus occasionnellement, nous retrouver lors de diverses manifestations :<\/p><ul><li><em>Semaine du D\u00e9veloppement Durable<\/em><\/li><li><em>F\u00eate du v\u00e9lo<\/em><\/li><li><em>Boutique \u00e9ph\u00e9m\u00e8re de l&rsquo;Universit\u00e9<\/em><\/li><li><em>Semaine de la Transition\u2026<\/em><\/li><\/ul><p>Nos v\u00e9los sont soigneusement r\u00e9par\u00e9s, restaur\u00e9s et remis en \u00e9tat de fonctionnement.<br \/>Notre politique est de promouvoir l\u2019usage et la pratique du v\u00e9lo au plus grand nombre c\u2019est pourquoi nous faisons le maximum pour proposer des v\u00e9los et des pi\u00e8ces \u00e0 des prix solidaires.<\/p><p>Prix moyen de nos v\u00e9los adulte vendus : 98 \u20ac<\/p><p>La vente de v\u00e9los est r\u00e9serv\u00e9e \u00e0 nos adh\u00e9rent\u00b7e\u00b7s. <br \/><a href=\"https:\/\/www.helloasso.com\/associations\/1-terre-actions\/adhesions\/bulletin-d-adhesion\/1\" target=\"_blank\" rel=\"noopener noreferrer\">L\u2019adh\u00e9sion \u00e0 l\u2019association<\/a> est \u00e0 5\u20ac et permet de b\u00e9n\u00e9ficier d\u2019une garantie pendant deux mois sur le v\u00e9lo achet\u00e9. Vous pouvez aussi prendre une adh\u00e9sion classique, qui vous donne acc\u00e8s \u00e0 tous les services de l\u2019association, pendant 1 an (de date \u00e0 date).<\/p>\t\t\t\t\t\t\t\t<\/div>\n\t\t\t\t<div class=\"elementor-element elementor-element-6f20f30 elementor-widget elementor-widget-image\" data-id=\"6f20f30\" data-element_type=\"widget\" data-e-type=\"widget\" data-widget_type=\"image.default\">\n\t\t\t\t\t\t\t\t\t\t\t\t\t\t\t<img fetchpriority=\"high\" decoding=\"async\" width=\"768\" height=\"1031\" src=\"http:\/\/www.1terreactions.org\/site\/wp-content\/uploads\/2024\/10\/affiche-le-pourquoi-du-comment_prix-velo-1-768x1031.png\" class=\"attachment-medium_large size-medium_large wp-image-618\" alt=\"\" srcset=\"http:\/\/www.1terreactions.org\/site\/wp-content\/uploads\/2024\/10\/affiche-le-pourquoi-du-comment_prix-velo-1-768x1031.png 768w, http:\/\/www.1terreactions.org\/site\/wp-content\/uploads\/2024\/10\/affiche-le-pourquoi-du-comment_prix-velo-1-223x300.png 223w, http:\/\/www.1terreactions.org\/site\/wp-content\/uploads\/2024\/10\/affiche-le-pourquoi-du-comment_prix-velo-1-763x1024.png 763w, http:\/\/www.1terreactions.org\/site\/wp-content\/uploads\/2024\/10\/affiche-le-pourquoi-du-comment_prix-velo-1.png 969w\" sizes=\"(max-width: 768px) 100vw, 768px\" \/>\t\t\t\t\t\t\t\t\t\t\t\t\t\t\t<\/div>\n\t\t\t\t\t<\/div>\n\t\t\t\t<\/div>\n\t\t\t\t<\/div>\n\t\t\t\t\t<\/details>\n\t\t\t\t\t<\/div>\n\t\t\t\t\t\t<\/div>\n\t\t\t\t\t<\/div>\n\t\t\t\t<\/div>\n\t\t\t\t<\/div>\n\t\t","protected":false},"excerpt":{"rendered":"<p>Vous souhaitez donner votre v\u00e9lo ? POUR LES PARTICULIERS Votre v\u00e9lo n\u2019est plus en \u00e9tat, vous ne l\u2019utilisez plus, apportez-le dans nos diff\u00e9rents points de collecte : nos ateliers au Comptoir du R\u00e9emploi dans les d\u00e9chetteries d\u2019Ingr\u00e9, Saint-Cyr en Val, Saran Nous nous ferons un plaisir de lui redonner une seconde vie!Vous retrouverez les adresses de nos ateliers et du Comptoir du R\u00e9emploi, horaires d\u2019ouverture et num\u00e9ros de t\u00e9l\u00e9phone sur notre page \u00ab\u00a0Infos Pratiques\u00a0\u00bb \/! Attention, nous ne r\u00e9alisons pas de collecte \u00e0 domicile, c\u2019est \u00e0 vous de nous apporter vos v\u00e9los.\u00a0 POUR LES ENTREPRISES, ASSOCIATIONS ET COLLECTIVITES Vous pouvez nous contacter pour organiser une collecte au sein de votre organisation, sur devisContact : 1terreactions@gmail.com POUR LES COPROPRIETES Les locaux v\u00e9los de vos immeubles sont encombr\u00e9s de v\u00e9los abandonn\u00e9s ? Vous pouvez nous contacter pour organiser un enl\u00e8vement, sur devisContact : 1terreactions@gmail.com Vous souhaitez acheter un v\u00e9lo ? Acheter un v\u00e9lo de seconde main provenant de nos ateliers est un acte fort de sens pour le d\u00e9veloppement durable.Consommons autrement ! L\u2019association propose un service de vente de v\u00e9los restaur\u00e9s\u00a0 : dans nos ateliers de l\u2019Argonne et de la Source au Comptoir du R\u00e9emploi \u00e0 la Ressourcerie AAA Retrouvez les adresses et horaires d\u2019ouverture sur notre page \u00ab\u00a0Infos Pratiques\u00a0\u00bb Vous pouvez aussi, plus occasionnellement, nous retrouver lors de diverses manifestations : Semaine du D\u00e9veloppement Durable F\u00eate du v\u00e9lo Boutique \u00e9ph\u00e9m\u00e8re de l&rsquo;Universit\u00e9 Semaine de la Transition\u2026 Nos v\u00e9los sont soigneusement r\u00e9par\u00e9s, restaur\u00e9s et remis en \u00e9tat de fonctionnement.Notre politique est de promouvoir l\u2019usage et la pratique du v\u00e9lo au plus grand nombre c\u2019est pourquoi nous faisons le maximum pour proposer des v\u00e9los et des pi\u00e8ces \u00e0 des prix solidaires. Prix moyen de nos v\u00e9los adulte vendus : 98 \u20ac La vente de v\u00e9los est r\u00e9serv\u00e9e \u00e0 nos adh\u00e9rent\u00b7e\u00b7s. L\u2019adh\u00e9sion \u00e0 l\u2019association est \u00e0 5\u20ac et permet de b\u00e9n\u00e9ficier d\u2019une garantie pendant deux mois sur le v\u00e9lo achet\u00e9. Vous pouvez aussi prendre une adh\u00e9sion classique, qui vous donne acc\u00e8s \u00e0 tous les services de l\u2019association, pendant 1 an (de date \u00e0 date). POUR LES PARTICULIERS Votre v\u00e9lo n\u2019est plus en \u00e9tat, vous ne l\u2019utilisez plus, apportez-le dans nos diff\u00e9rents points de collecte : nos ateliers au Comptoir du R\u00e9emploi dans les d\u00e9chetteries d\u2019Ingr\u00e9, Saint-Cyr en Val, Saran Nous nous ferons un plaisir de lui redonner une seconde vie!Vous retrouverez les adresses de nos ateliers et du Comptoir du R\u00e9emploi, horaires d\u2019ouverture et num\u00e9ros de t\u00e9l\u00e9phone sur notre page \u00ab\u00a0Infos Pratiques\u00a0\u00bb \/! Attention, nous ne r\u00e9alisons pas de collecte \u00e0 domicile, c\u2019est \u00e0 vous de nous apporter vos v\u00e9los.\u00a0 POUR LES ENTREPRISES, ASSOCIATIONS ET COLLECTIVITES Vous pouvez nous contacter pour organiser une collecte au sein de votre organisation, sur devisContact : 1terreactions@gmail.com POUR LES COPROPRIETES Les locaux v\u00e9los de vos immeubles sont encombr\u00e9s de v\u00e9los abandonn\u00e9s ? Vous pouvez nous contacter pour organiser un enl\u00e8vement, sur devisContact : 1terreactions@gmail.com Acheter un v\u00e9lo de seconde main provenant de nos ateliers est un acte fort de sens pour le d\u00e9veloppement durable.Consommons autrement ! L\u2019association propose un service de vente de v\u00e9los restaur\u00e9s\u00a0 : dans nos ateliers de l\u2019Argonne et de la Source au Comptoir du R\u00e9emploi \u00e0 la Ressourcerie AAA Retrouvez les adresses et horaires d\u2019ouverture sur notre page \u00ab\u00a0Infos Pratiques\u00a0\u00bb Vous pouvez aussi, plus occasionnellement, nous retrouver lors de diverses manifestations : Semaine du D\u00e9veloppement Durable F\u00eate du v\u00e9lo Boutique \u00e9ph\u00e9m\u00e8re de l&rsquo;Universit\u00e9 Semaine de la Transition\u2026 Nos v\u00e9los sont soigneusement r\u00e9par\u00e9s, restaur\u00e9s et remis en \u00e9tat de fonctionnement.Notre politique est de promouvoir l\u2019usage et la pratique du v\u00e9lo au plus grand nombre c\u2019est pourquoi nous faisons le maximum pour proposer des v\u00e9los et des pi\u00e8ces \u00e0 des prix solidaires. Prix moyen de nos v\u00e9los adulte vendus : 98 \u20ac La vente de v\u00e9los est r\u00e9serv\u00e9e \u00e0 nos adh\u00e9rent\u00b7e\u00b7s. L\u2019adh\u00e9sion \u00e0 l\u2019association est \u00e0 5\u20ac et permet de b\u00e9n\u00e9ficier d\u2019une garantie pendant deux mois sur le v\u00e9lo achet\u00e9. Vous pouvez aussi prendre une adh\u00e9sion classique, qui vous donne acc\u00e8s \u00e0 tous les services de l\u2019association, pendant 1 an (de date \u00e0 date).<\/p>\n","protected":false},"author":2,"featured_media":0,"parent":0,"menu_order":0,"comment_status":"closed","ping_status":"closed","template":"","meta":{"site-sidebar-layout":"default","site-content-layout":"","ast-site-content-layout":"default","site-content-style":"default","site-sidebar-style":"default","ast-global-header-display":"","ast-banner-title-visibility":"","ast-main-header-display":"","ast-hfb-above-header-display":"","ast-hfb-below-header-display":"","ast-hfb-mobile-header-display":"","site-post-title":"","ast-breadcrumbs-content":"","ast-featured-img":"","footer-sml-layout":"","ast-disable-related-posts":"","theme-transparent-header-meta":"","adv-header-id-meta":"","stick-header-meta":"","header-above-stick-meta":"","header-main-stick-meta":"","header-below-stick-meta":"","astra-migrate-meta-layouts":"default","ast-page-background-enabled":"default","ast-page-background-meta":{"desktop":{"background-color":"var(--ast-global-color-5)","background-image":"","background-repeat":"repeat","background-position":"center center","background-size":"auto","background-attachment":"scroll","background-type":"","background-media":"","overlay-type":"","overlay-color":"","overlay-opacity":"","overlay-gradient":""},"tablet":{"background-color":"","background-image":"","background-repeat":"repeat","background-position":"center center","background-size":"auto","background-attachment":"scroll","background-type":"","background-media":"","overlay-type":"","overlay-color":"","overlay-opacity":"","overlay-gradient":""},"mobile":{"background-color":"","background-image":"","background-repeat":"repeat","background-position":"center center","background-size":"auto","background-attachment":"scroll","background-type":"","background-media":"","overlay-type":"","overlay-color":"","overlay-opacity":"","overlay-gradient":""}},"ast-content-background-meta":{"desktop":{"background-color":"var(--ast-global-color-4)","background-image":"","background-repeat":"repeat","background-position":"center center","background-size":"auto","background-attachment":"scroll","background-type":"","background-media":"","overlay-type":"","overlay-color":"","overlay-opacity":"","overlay-gradient":""},"tablet":{"background-color":"var(--ast-global-color-4)","background-image":"","background-repeat":"repeat","background-position":"center center","background-size":"auto","background-attachment":"scroll","background-type":"","background-media":"","overlay-type":"","overlay-color":"","overlay-opacity":"","overlay-gradient":""},"mobile":{"background-color":"var(--ast-global-color-4)","background-image":"","background-repeat":"repeat","background-position":"center center","background-size":"auto","background-attachment":"scroll","background-type":"","background-media":"","overlay-type":"","overlay-color":"","overlay-opacity":"","overlay-gradient":""}},"footnotes":""},"class_list":["post-66","page","type-page","status-publish","hentry"],"_links":{"self":[{"href":"http:\/\/www.1terreactions.org\/site\/wp-json\/wp\/v2\/pages\/66","targetHints":{"allow":["GET"]}}],"collection":[{"href":"http:\/\/www.1terreactions.org\/site\/wp-json\/wp\/v2\/pages"}],"about":[{"href":"http:\/\/www.1terreactions.org\/site\/wp-json\/wp\/v2\/types\/page"}],"author":[{"embeddable":true,"href":"http:\/\/www.1terreactions.org\/site\/wp-json\/wp\/v2\/users\/2"}],"replies":[{"embeddable":true,"href":"http:\/\/www.1terreactions.org\/site\/wp-json\/wp\/v2\/comments?post=66"}],"version-history":[{"count":47,"href":"http:\/\/www.1terreactions.org\/site\/wp-json\/wp\/v2\/pages\/66\/revisions"}],"predecessor-version":[{"id":1763,"href":"http:\/\/www.1terreactions.org\/site\/wp-json\/wp\/v2\/pages\/66\/revisions\/1763"}],"wp:attachment":[{"href":"http:\/\/www.1terreactions.org\/site\/wp-json\/wp\/v2\/media?parent=66"}],"curies":[{"name":"wp","href":"https:\/\/api.w.org\/{rel}","templated":true}]}}