{"id":71,"date":"2017-12-20T18:56:23","date_gmt":"2017-12-20T17:56:23","guid":{"rendered":"http:\/\/www.1terreactions.org\/site\/?page_id=71"},"modified":"2026-03-24T09:17:31","modified_gmt":"2026-03-24T08:17:31","slug":"infos-pratiques","status":"publish","type":"page","link":"http:\/\/www.1terreactions.org\/site\/infos-pratiques\/","title":{"rendered":"Infos Pratiques"},"content":{"rendered":"\t\t<div data-elementor-type=\"wp-page\" data-elementor-id=\"71\" class=\"elementor elementor-71\">\n\t\t\t\t<div class=\"elementor-element elementor-element-473593a2 e-flex e-con-boxed wpr-particle-no wpr-jarallax-no wpr-parallax-no wpr-sticky-section-no wpr-equal-height-no e-con e-parent\" data-id=\"473593a2\" data-element_type=\"container\" data-e-type=\"container\">\n\t\t\t\t\t<div class=\"e-con-inner\">\n\t\t\t\t<div class=\"elementor-element elementor-element-cc50180 elementor-widget elementor-widget-heading\" data-id=\"cc50180\" data-element_type=\"widget\" data-e-type=\"widget\" data-widget_type=\"heading.default\">\n\t\t\t\t\t<h2 class=\"elementor-heading-title elementor-size-default\">Atelier de l'Argonne<\/h2>\t\t\t\t<\/div>\n\t\t\t\t<div class=\"elementor-element elementor-element-700d50ac elementor-widget elementor-widget-text-editor\" data-id=\"700d50ac\" data-element_type=\"widget\" data-e-type=\"widget\" data-widget_type=\"text-editor.default\">\n\t\t\t\t\t\t\t\t\t<p>15 rue du Grand Villiers, 45000 Orl\u00e9ans<br \/>Tram B &#8211; arr\u00eat Grand Villiers<br \/>07 82 29 44 33<\/p><p><strong>Pour de la r\u00e9paration sur rendez-vous (prise de rdv par t\u00e9l\u00e9phone), achat et don de v\u00e9lo :<\/strong><\/p><p>Mercredi\u00a0 \u00a09h &#8211; 12h30 \/ 13h30 &#8211; 18h<br \/>Jeudi\u00a0 \u00a0 \u00a0 \u00a0 \u00a0 9h &#8211; 12h30 \/ 13h30 &#8211; 18h<br \/>Vendredi\u00a0 \u00a09h &#8211; 12h30 \/ 13h30 &#8211; 18h<br \/>Samedi\u00a0\u00a0\u00a0\u00a0\u00a0 10h &#8211; 13h<\/p><p><strong>Pour l&rsquo;atelier recyclage des v\u00e9los de l\u2019association (r\u00e9serv\u00e9 aux b\u00e9n\u00e9voles) et l&rsquo;<a href=\"http:\/\/www.1terreactions.org\/site\/atelier-auto-reparation\/\">Auto-r\u00e9paration<\/a> (inscription obligatoire) :<\/strong><\/p><p>Mercredi\u00a0 \u00a0 \u00a016h30- 19h30<br \/>Samedi\u00a0\u00a0\u00a0\u00a0 10h &#8211; 13h<\/p>\t\t\t\t\t\t\t\t<\/div>\n\t\t\t\t<div class=\"elementor-element elementor-element-b58c70b elementor-widget elementor-widget-heading\" data-id=\"b58c70b\" data-element_type=\"widget\" data-e-type=\"widget\" data-widget_type=\"heading.default\">\n\t\t\t\t\t<h2 class=\"elementor-heading-title elementor-size-default\">Atelier de la Source<\/h2>\t\t\t\t<\/div>\n\t\t\t\t<div class=\"elementor-element elementor-element-a66df0a elementor-widget elementor-widget-text-editor\" data-id=\"a66df0a\" data-element_type=\"widget\" data-e-type=\"widget\" data-widget_type=\"text-editor.default\">\n\t\t\t\t\t\t\t\t\t<p>6 rue Alain, 45100 Orl\u00e9ans<br \/>Tram A &#8211; Arr\u00eat Boli\u00e8re<br \/>07 67 51 80 38<\/p><p><strong>Pour de la r\u00e9paration sur rendez-vous (prise de rdv par t\u00e9l\u00e9phone), achat, don de v\u00e9lo\u00a0:<br \/><\/strong><\/p><p>Mardi\u00a0 \u00a0 \u00a0 \u00a0 \u00a013h30 &#8211; 18h<br \/>Mercredi\u00a0 \u00a09h &#8211; 12h30 \/ 13h30 &#8211; 18h<br \/>Jeudi\u00a0 \u00a0 \u00a0 \u00a0 \u00a0 9h &#8211; 12h30 \/ 13h30 &#8211; 18h<\/p><p><strong>Pour l&rsquo;atelier recyclage des v\u00e9los de l\u2019association (r\u00e9serv\u00e9 aux b\u00e9n\u00e9voles) :<br \/><\/strong><\/p><p>Mercredi\u00a0 \u00a013h30 &#8211; 18h<br \/>Jeudi\u00a0 \u00a0 \u00a0 \u00a0 \u00a0 13h30 &#8211; 18h<\/p><p><strong>Pour l&rsquo;<a href=\"http:\/\/www.1terreactions.org\/site\/atelier-auto-reparation\/\">Auto-r\u00e9paration<\/a> (inscription obligatoire) :<\/strong><\/p><p>Jeudi\u00a0 \u00a0 \u00a0 \u00a0 \u00a013h30 &#8211; 18h<\/p>\t\t\t\t\t\t\t\t<\/div>\n\t\t\t\t<div class=\"elementor-element elementor-element-0454d6d elementor-widget elementor-widget-heading\" data-id=\"0454d6d\" data-element_type=\"widget\" data-e-type=\"widget\" data-widget_type=\"heading.default\">\n\t\t\t\t\t<h2 class=\"elementor-heading-title elementor-size-default\">Comptoir du r\u00e9emploi<\/h2>\t\t\t\t<\/div>\n\t\t\t\t<div class=\"elementor-element elementor-element-aee06a3 elementor-widget elementor-widget-text-editor\" data-id=\"aee06a3\" data-element_type=\"widget\" data-e-type=\"widget\" data-widget_type=\"text-editor.default\">\n\t\t\t\t\t\t\t\t\t<p>1 impasse des moines, 45750 Saint-Pryv\u00e9 &#8211; Saint-Mesmin<br \/>Bus 7, 16, 42 &#8211; Arr\u00eat Quinze Pierres<\/p><p><strong>Achat de v\u00e9los<\/strong> : infos sur les horaires d&rsquo;ouverture <a href=\"https:\/\/comptoirdureemploi.fr\/\">ici<\/a><\/p><p>Des animations y sont \u00e9galement r\u00e9guli\u00e8rement propos\u00e9es par 1-Terre-actions, consultez le programme sur leur <a href=\"https:\/\/comptoirdureemploi.fr\/\">site<\/a>.<\/p>\t\t\t\t\t\t\t\t<\/div>\n\t\t\t\t<div class=\"elementor-element elementor-element-40fffe5 elementor-widget elementor-widget-heading\" data-id=\"40fffe5\" data-element_type=\"widget\" data-e-type=\"widget\" data-widget_type=\"heading.default\">\n\t\t\t\t\t<h2 class=\"elementor-heading-title elementor-size-default\">Comment nous contacter :<\/h2>\t\t\t\t<\/div>\n\t\t\t\t<div class=\"elementor-element elementor-element-07263f1 elementor-widget elementor-widget-text-editor\" data-id=\"07263f1\" data-element_type=\"widget\" data-e-type=\"widget\" data-widget_type=\"text-editor.default\">\n\t\t\t\t\t\t\t\t\t<ul><li>Par t\u00e9l\u00e9phone :<ul><li>Accueil\/Secr\u00e9tariat: <a href=\"callto:0768286215\">07 68 28 62 15<\/a><\/li><li>Atelier Argonne : <a href=\"callto:0782294433\">07 82 29 44 33<\/a> (du lundi au vendredi)<\/li><li>Atelier La Source : <a href=\"callto:0767518038\">07 67 51 80 38 <\/a>(du mardi au jeudi)<\/li><\/ul><\/li><li>Par mail : 1terreactions@gmail.com<\/li><li>Facebook :\u00a0<a href=\"https:\/\/www.facebook.com\/1terreactions\">https:\/\/www.facebook.com\/1terreactions<\/a><\/li><li>Instagram : @1terreactions<\/li><li>Site web : <a href=\"https:\/\/www.1terreactions.org\/site\">https:\/\/www.1terreactions.org\/site<\/a><\/li><li>Ou directement via le formulaire ci-dessous :<\/li><\/ul>\t\t\t\t\t\t\t\t<\/div>\n\t\t\t\t\t<\/div>\n\t\t\t\t<\/div>\n\t\t<div class=\"elementor-element elementor-element-cc15d0c e-flex e-con-boxed wpr-particle-no wpr-jarallax-no wpr-parallax-no wpr-sticky-section-no wpr-equal-height-no e-con e-parent\" data-id=\"cc15d0c\" data-element_type=\"container\" data-e-type=\"container\">\n\t\t\t\t\t<div class=\"e-con-inner\">\n\t\t\t\t<div class=\"elementor-element elementor-element-c44d520 wpr-step-type-number_text wpr-step-content-layout-vertical wpr-custom-styles-yes elementor-widget elementor-widget-wpr-form-builder\" data-id=\"c44d520\" data-element_type=\"widget\" data-e-type=\"widget\" data-settings=\"{&quot;success_message&quot;:&quot;Message envoy\\u00e9 !&quot;,&quot;error_message&quot;:&quot;Erreur lors de l&#039;envoi du message&quot;,&quot;button_width&quot;:{&quot;unit&quot;:&quot;%&quot;,&quot;size&quot;:100,&quot;sizes&quot;:[]},&quot;button_width_tablet&quot;:{&quot;unit&quot;:&quot;px&quot;,&quot;size&quot;:&quot;&quot;,&quot;sizes&quot;:[]},&quot;button_width_mobile&quot;:{&quot;unit&quot;:&quot;px&quot;,&quot;size&quot;:&quot;&quot;,&quot;sizes&quot;:[]},&quot;step_type&quot;:&quot;number_text&quot;,&quot;step_content_layout&quot;:&quot;vertical&quot;}\" data-widget_type=\"wpr-form-builder.default\">\n\t\t\t\t\t\t\t<form class=\"wpr-form\" method=\"post\" name=\"New Form\" page=\"Infos Pratiques\" page_id=\"71\" novalidate>\n\t\t\t<input type=\"hidden\" name=\"post_id\" value=\"71\"\/>\n\t\t\t<input type=\"hidden\" name=\"form_id\" value=\"c44d520\"\/>\n\t\t\t<input type=\"hidden\" name=\"referer_title\" value=\"\" \/>\n\n\t\t\t<div class=\"wpr-step-wrap\"><\/div>\n\t\t\t<div class=\"wpr-form-fields-wrap wpr-labels-above\">\n\t\t\t\t\t\t\t\t\t<div class=\"wpr-form-field-type-text wpr-field-group wpr-column wpr-field-group-name elementor-repeater-item-5830027\">\n\t\t\t\t\t\t\t\t\t\t\t\t\t\t<label for=\"form-field-name\" class=\"wpr-form-field-label\" data-alt-label=\"Votre nom\">\n\t\t\t\t\t\t\t\t\tVotre nom\t\t\t\t\t\t\t\t<\/label>\n\t\t\t\t\t\t\t<input size=\"1 \"type=\"text\" name=\"form_fields[name]\" id=\"form-field-name\" class=\"wpr-form-field  wpr-form-field-textual\" placeholder=\"Nom\">\t\t\t\t\t<\/div>\n\t\t\t\t\t\t\t\t\t<div class=\"wpr-form-field-type-email wpr-field-group wpr-column wpr-field-group-email elementor-repeater-item-94647e1 wpr-form-field-required\">\n\t\t\t\t\t\t\t\t\t\t\t\t\t\t<label for=\"form-field-email\" class=\"wpr-form-field-label\" data-alt-label=\"Email\">\n\t\t\t\t\t\t\t\t\tEmail\t\t\t\t\t\t\t\t<\/label>\n\t\t\t\t\t\t\t<input size=\"1 \"type=\"email\" name=\"form_fields[email]\" id=\"form-field-email\" class=\"wpr-form-field  wpr-form-field-textual\" placeholder=\"Email\" required=\"required\" aria-required=\"true\">\t\t\t\t\t<\/div>\n\t\t\t\t\t\t\t\t\t<div class=\"wpr-form-field-type-textarea wpr-field-group wpr-column wpr-field-group-message elementor-repeater-item-766e675\">\n\t\t\t\t\t\t\t\t\t\t\t\t\t\t<label for=\"form-field-message\" class=\"wpr-form-field-label\" data-alt-label=\"Message\">\n\t\t\t\t\t\t\t\t\tMessage\t\t\t\t\t\t\t\t<\/label>\n\t\t\t\t\t\t\t<textarea class=\"wpr-form-field-textual wpr-form-field \" name=\"form_fields[message]\" id=\"form-field-message\" rows=\"7\" placeholder=\"Message\"><\/textarea>\t\t\t\t\t<\/div>\n\t\t\t\t<div class=\"wpr-field-group wpr-stp-btns-wrap wpr-column wpr-form-field-type-submit\" data-actions=\"[&quot;email&quot;]\" data-redirect-url=\"\" data-mailchimp-fields=\"{&quot;email_field&quot;:&quot;&quot;,&quot;first_name_field&quot;:&quot;&quot;,&quot;last_name_field&quot;:&quot;&quot;,&quot;address_field&quot;:&quot;&quot;,&quot;phone_field&quot;:&quot;&quot;,&quot;birthday_field&quot;:&quot;&quot;,&quot;group_id&quot;:&quot;&quot;}\" data-list-id=\"\">\t\t\t<button type=\"submit\" class=\"wpr-button\">\n\t\t\t\t<span >\n\t\t\t\t\t\t\t\t\t\t\t\t\t\t\t\t<span>Envoyer<\/span>\n\t\t\t\t\t\t\t\t\t\t\t\t\t\t<\/span>\t\n\t\t\t\t<div class=\"wpr-double-bounce wpr-loader-hidden\">\n\t\t\t\t\t<div class=\"wpr-child wpr-double-bounce1\"><\/div>\n\t\t\t\t\t<div class=\"wpr-child wpr-double-bounce2\"><\/div>\n\t\t\t\t<\/div>\n\t\t\t<\/button>\n\t\t<\/div>\t\t\t\t\n\t\t\t<\/div>\n\t\t<\/form>\n\t  \t\t\t\t<\/div>\n\t\t\t\t\t<\/div>\n\t\t\t\t<\/div>\n\t\t\t\t<\/div>\n\t\t","protected":false},"excerpt":{"rendered":"<p>Atelier de l&rsquo;Argonne 15 rue du Grand Villiers, 45000 Orl\u00e9ansTram B &#8211; arr\u00eat Grand Villiers07 82 29 44 33 Pour de la r\u00e9paration sur rendez-vous (prise de rdv par t\u00e9l\u00e9phone), achat et don de v\u00e9lo : Mercredi\u00a0 \u00a09h &#8211; 12h30 \/ 13h30 &#8211; 18hJeudi\u00a0 \u00a0 \u00a0 \u00a0 \u00a0 9h &#8211; 12h30 \/ 13h30 &#8211; 18hVendredi\u00a0 \u00a09h &#8211; 12h30 \/ 13h30 &#8211; 18hSamedi\u00a0\u00a0\u00a0\u00a0\u00a0 10h &#8211; 13h Pour l&rsquo;atelier recyclage des v\u00e9los de l\u2019association (r\u00e9serv\u00e9 aux b\u00e9n\u00e9voles) et l&rsquo;Auto-r\u00e9paration (inscription obligatoire) : Mercredi\u00a0 \u00a0 \u00a016h30- 19h30Samedi\u00a0\u00a0\u00a0\u00a0 10h &#8211; 13h Atelier de la Source 6 rue Alain, 45100 Orl\u00e9ansTram A &#8211; Arr\u00eat Boli\u00e8re07 67 51 80 38 Pour de la r\u00e9paration sur rendez-vous (prise de rdv par t\u00e9l\u00e9phone), achat, don de v\u00e9lo\u00a0: Mardi\u00a0 \u00a0 \u00a0 \u00a0 \u00a013h30 &#8211; 18hMercredi\u00a0 \u00a09h &#8211; 12h30 \/ 13h30 &#8211; 18hJeudi\u00a0 \u00a0 \u00a0 \u00a0 \u00a0 9h &#8211; 12h30 \/ 13h30 &#8211; 18h Pour l&rsquo;atelier recyclage des v\u00e9los de l\u2019association (r\u00e9serv\u00e9 aux b\u00e9n\u00e9voles) : Mercredi\u00a0 \u00a013h30 &#8211; 18hJeudi\u00a0 \u00a0 \u00a0 \u00a0 \u00a0 13h30 &#8211; 18h Pour l&rsquo;Auto-r\u00e9paration (inscription obligatoire) : Jeudi\u00a0 \u00a0 \u00a0 \u00a0 \u00a013h30 &#8211; 18h Comptoir du r\u00e9emploi 1 impasse des moines, 45750 Saint-Pryv\u00e9 &#8211; Saint-MesminBus 7, 16, 42 &#8211; Arr\u00eat Quinze Pierres Achat de v\u00e9los : infos sur les horaires d&rsquo;ouverture ici Des animations y sont \u00e9galement r\u00e9guli\u00e8rement propos\u00e9es par 1-Terre-actions, consultez le programme sur leur site. Comment nous contacter : Par t\u00e9l\u00e9phone : Accueil\/Secr\u00e9tariat: 07 68 28 62 15 Atelier Argonne : 07 82 29 44 33 (du lundi au vendredi) Atelier La Source : 07 67 51 80 38 (du mardi au jeudi) Par mail : 1terreactions@gmail.com Facebook :\u00a0https:\/\/www.facebook.com\/1terreactions Instagram : @1terreactions Site web : https:\/\/www.1terreactions.org\/site Ou directement via le formulaire ci-dessous : Votre nom Email Message Envoyer<\/p>\n","protected":false},"author":2,"featured_media":0,"parent":0,"menu_order":4,"comment_status":"closed","ping_status":"closed","template":"","meta":{"site-sidebar-layout":"default","site-content-layout":"","ast-site-content-layout":"default","site-content-style":"default","site-sidebar-style":"default","ast-global-header-display":"","ast-banner-title-visibility":"","ast-main-header-display":"","ast-hfb-above-header-display":"","ast-hfb-below-header-display":"","ast-hfb-mobile-header-display":"","site-post-title":"","ast-breadcrumbs-content":"","ast-featured-img":"","footer-sml-layout":"","ast-disable-related-posts":"","theme-transparent-header-meta":"","adv-header-id-meta":"","stick-header-meta":"","header-above-stick-meta":"","header-main-stick-meta":"","header-below-stick-meta":"","astra-migrate-meta-layouts":"default","ast-page-background-enabled":"default","ast-page-background-meta":{"desktop":{"background-color":"var(--ast-global-color-5)","background-image":"","background-repeat":"repeat","background-position":"center center","background-size":"auto","background-attachment":"scroll","background-type":"","background-media":"","overlay-type":"","overlay-color":"","overlay-opacity":"","overlay-gradient":""},"tablet":{"background-color":"","background-image":"","background-repeat":"repeat","background-position":"center center","background-size":"auto","background-attachment":"scroll","background-type":"","background-media":"","overlay-type":"","overlay-color":"","overlay-opacity":"","overlay-gradient":""},"mobile":{"background-color":"","background-image":"","background-repeat":"repeat","background-position":"center center","background-size":"auto","background-attachment":"scroll","background-type":"","background-media":"","overlay-type":"","overlay-color":"","overlay-opacity":"","overlay-gradient":""}},"ast-content-background-meta":{"desktop":{"background-color":"var(--ast-global-color-4)","background-image":"","background-repeat":"repeat","background-position":"center center","background-size":"auto","background-attachment":"scroll","background-type":"","background-media":"","overlay-type":"","overlay-color":"","overlay-opacity":"","overlay-gradient":""},"tablet":{"background-color":"var(--ast-global-color-4)","background-image":"","background-repeat":"repeat","background-position":"center center","background-size":"auto","background-attachment":"scroll","background-type":"","background-media":"","overlay-type":"","overlay-color":"","overlay-opacity":"","overlay-gradient":""},"mobile":{"background-color":"var(--ast-global-color-4)","background-image":"","background-repeat":"repeat","background-position":"center center","background-size":"auto","background-attachment":"scroll","background-type":"","background-media":"","overlay-type":"","overlay-color":"","overlay-opacity":"","overlay-gradient":""}},"footnotes":""},"class_list":["post-71","page","type-page","status-publish","hentry"],"_links":{"self":[{"href":"http:\/\/www.1terreactions.org\/site\/wp-json\/wp\/v2\/pages\/71","targetHints":{"allow":["GET"]}}],"collection":[{"href":"http:\/\/www.1terreactions.org\/site\/wp-json\/wp\/v2\/pages"}],"about":[{"href":"http:\/\/www.1terreactions.org\/site\/wp-json\/wp\/v2\/types\/page"}],"author":[{"embeddable":true,"href":"http:\/\/www.1terreactions.org\/site\/wp-json\/wp\/v2\/users\/2"}],"replies":[{"embeddable":true,"href":"http:\/\/www.1terreactions.org\/site\/wp-json\/wp\/v2\/comments?post=71"}],"version-history":[{"count":99,"href":"http:\/\/www.1terreactions.org\/site\/wp-json\/wp\/v2\/pages\/71\/revisions"}],"predecessor-version":[{"id":1684,"href":"http:\/\/www.1terreactions.org\/site\/wp-json\/wp\/v2\/pages\/71\/revisions\/1684"}],"wp:attachment":[{"href":"http:\/\/www.1terreactions.org\/site\/wp-json\/wp\/v2\/media?parent=71"}],"curies":[{"name":"wp","href":"https:\/\/api.w.org\/{rel}","templated":true}]}}