{"id":137,"date":"2017-12-27T09:13:03","date_gmt":"2017-12-27T08:13:03","guid":{"rendered":"http:\/\/www.1terreactions.org\/site\/?page_id=137"},"modified":"2026-03-18T13:46:53","modified_gmt":"2026-03-18T12:46:53","slug":"atelier-recyclage","status":"publish","type":"page","link":"https:\/\/www.1terreactions.org\/site\/atelier-recyclage\/","title":{"rendered":"Atelier \u00ab\u00a0Recyclage\u00a0\u00bb"},"content":{"rendered":"\t\t<div data-elementor-type=\"wp-page\" data-elementor-id=\"137\" class=\"elementor elementor-137\">\n\t\t\t\t<div class=\"elementor-element elementor-element-1af7a1d5 e-flex e-con-boxed wpr-particle-no wpr-jarallax-no wpr-parallax-no wpr-sticky-section-no wpr-equal-height-no e-con e-parent\" data-id=\"1af7a1d5\" data-element_type=\"container\" data-e-type=\"container\">\n\t\t\t\t\t<div class=\"e-con-inner\">\n\t\t\t\t<div class=\"elementor-element elementor-element-20c3524 elementor-widget elementor-widget-heading\" data-id=\"20c3524\" data-element_type=\"widget\" data-e-type=\"widget\" data-widget_type=\"heading.default\">\n\t\t\t\t\t<h2 class=\"elementor-heading-title elementor-size-default\">Atelier recyclage<\/h2>\t\t\t\t<\/div>\n\t\t\t\t<div class=\"elementor-element elementor-element-908b9d5 elementor-widget elementor-widget-text-editor\" data-id=\"908b9d5\" data-element_type=\"widget\" data-e-type=\"widget\" data-widget_type=\"text-editor.default\">\n\t\t\t\t\t\t\t\t\t<p>Cet atelier est l\u2019activit\u00e9 \u00ab historique \u00bb de l\u2019association. C\u2019est notre fer de lance.<\/p>\n<p>L\u2019id\u00e9e est de remettre en circulation et de recycler des v\u00e9los donn\u00e9s \u00e0 l\u2019association.<br \/>Les v\u00e9los qui peuvent \u00eatre restaur\u00e9s le sont, en changeant, si n\u00e9cessaire, les pi\u00e8ces us\u00e9es. Ils sont ensuite revendus \u00e0 prix modique.<\/p>\n<p>Les v\u00e9los non r\u00e9utilisables sont d\u00e9mont\u00e9s. Les pi\u00e8ces d\u00e9mont\u00e9es sont r\u00e9cup\u00e9r\u00e9es pour permettre de r\u00e9parer les autres v\u00e9los et d\u2019avoir un stock de pi\u00e8ces d\u2019occasion pour les r\u00e9parations des v\u00e9los des adh\u00e9rent\u00b7e\u00b7s.<\/p>\n<p>Les b\u00e9n\u00e9voles de l\u2019association peuvent participer \u00e0 cet atelier pendant lequel les connaissances m\u00e9caniques se partagent dans une ambiance chaleureuse.<\/p>\t\t\t\t\t\t\t\t<\/div>\n\t\t\t\t<div class=\"elementor-element elementor-element-183e5585 elementor-widget elementor-widget-text-editor\" data-id=\"183e5585\" data-element_type=\"widget\" data-e-type=\"widget\" data-widget_type=\"text-editor.default\">\n\t\t\t\t\t\t\t\t\t<p><span style=\"color: #ff0000;\"><span style=\"color: #993300;\"><img decoding=\"async\" class=\" wp-image-635 aligncenter\" src=\"http:\/\/www.1terreactions.org\/site\/wp-content\/uploads\/2024\/10\/Logocoul_Recycle_2016.jpg\" alt=\"\" width=\"162\" height=\"162\" srcset=\"https:\/\/www.1terreactions.org\/site\/wp-content\/uploads\/2024\/10\/Logocoul_Recycle_2016.jpg 473w, https:\/\/www.1terreactions.org\/site\/wp-content\/uploads\/2024\/10\/Logocoul_Recycle_2016-150x150.jpg 150w, https:\/\/www.1terreactions.org\/site\/wp-content\/uploads\/2024\/10\/Logocoul_Recycle_2016-300x300.jpg 300w\" sizes=\"(max-width: 162px) 100vw, 162px\" \/><\/span><\/span><\/p>\n<p>\u00a0<\/p>\n<p>Lieux et horaires pour les ateliers de l&rsquo;Argonne et la Source dans la rubrique <a href=\"http:\/\/www.1terreactions.org\/site\/infos-pratiques\/\">infos pratiques<\/a><\/p>\n\n<p>\u00a0<\/p>\n\t\t\t\t\t\t\t\t<\/div>\n\t\t\t\t\t<\/div>\n\t\t\t\t<\/div>\n\t\t\t\t<\/div>\n\t\t","protected":false},"excerpt":{"rendered":"<p>Atelier recyclage Cet atelier est l\u2019activit\u00e9 \u00ab historique \u00bb de l\u2019association. C\u2019est notre fer de lance. L\u2019id\u00e9e est de remettre en circulation et de recycler des v\u00e9los donn\u00e9s \u00e0 l\u2019association.Les v\u00e9los qui peuvent \u00eatre restaur\u00e9s le sont, en changeant, si n\u00e9cessaire, les pi\u00e8ces us\u00e9es. Ils sont ensuite revendus \u00e0 prix modique. Les v\u00e9los non r\u00e9utilisables sont d\u00e9mont\u00e9s. Les pi\u00e8ces d\u00e9mont\u00e9es sont r\u00e9cup\u00e9r\u00e9es pour permettre de r\u00e9parer les autres v\u00e9los et d\u2019avoir un stock de pi\u00e8ces d\u2019occasion pour les r\u00e9parations des v\u00e9los des adh\u00e9rent\u00b7e\u00b7s. Les b\u00e9n\u00e9voles de l\u2019association peuvent participer \u00e0 cet atelier pendant lequel les connaissances m\u00e9caniques se partagent dans une ambiance chaleureuse. \u00a0 Lieux et horaires pour les ateliers de l&rsquo;Argonne et la Source dans la rubrique infos pratiques \u00a0<\/p>\n","protected":false},"author":2,"featured_media":0,"parent":0,"menu_order":0,"comment_status":"closed","ping_status":"closed","template":"","meta":{"site-sidebar-layout":"default","site-content-layout":"","ast-site-content-layout":"default","site-content-style":"default","site-sidebar-style":"default","ast-global-header-display":"","ast-banner-title-visibility":"","ast-main-header-display":"","ast-hfb-above-header-display":"","ast-hfb-below-header-display":"","ast-hfb-mobile-header-display":"","site-post-title":"","ast-breadcrumbs-content":"","ast-featured-img":"","footer-sml-layout":"","ast-disable-related-posts":"","theme-transparent-header-meta":"","adv-header-id-meta":"","stick-header-meta":"","header-above-stick-meta":"","header-main-stick-meta":"","header-below-stick-meta":"","astra-migrate-meta-layouts":"default","ast-page-background-enabled":"default","ast-page-background-meta":{"desktop":{"background-color":"var(--ast-global-color-5)","background-image":"","background-repeat":"repeat","background-position":"center center","background-size":"auto","background-attachment":"scroll","background-type":"","background-media":"","overlay-type":"","overlay-color":"","overlay-opacity":"","overlay-gradient":""},"tablet":{"background-color":"","background-image":"","background-repeat":"repeat","background-position":"center center","background-size":"auto","background-attachment":"scroll","background-type":"","background-media":"","overlay-type":"","overlay-color":"","overlay-opacity":"","overlay-gradient":""},"mobile":{"background-color":"","background-image":"","background-repeat":"repeat","background-position":"center center","background-size":"auto","background-attachment":"scroll","background-type":"","background-media":"","overlay-type":"","overlay-color":"","overlay-opacity":"","overlay-gradient":""}},"ast-content-background-meta":{"desktop":{"background-color":"var(--ast-global-color-4)","background-image":"","background-repeat":"repeat","background-position":"center center","background-size":"auto","background-attachment":"scroll","background-type":"","background-media":"","overlay-type":"","overlay-color":"","overlay-opacity":"","overlay-gradient":""},"tablet":{"background-color":"var(--ast-global-color-4)","background-image":"","background-repeat":"repeat","background-position":"center center","background-size":"auto","background-attachment":"scroll","background-type":"","background-media":"","overlay-type":"","overlay-color":"","overlay-opacity":"","overlay-gradient":""},"mobile":{"background-color":"var(--ast-global-color-4)","background-image":"","background-repeat":"repeat","background-position":"center center","background-size":"auto","background-attachment":"scroll","background-type":"","background-media":"","overlay-type":"","overlay-color":"","overlay-opacity":"","overlay-gradient":""}},"footnotes":""},"class_list":["post-137","page","type-page","status-publish","hentry"],"_links":{"self":[{"href":"https:\/\/www.1terreactions.org\/site\/wp-json\/wp\/v2\/pages\/137","targetHints":{"allow":["GET"]}}],"collection":[{"href":"https:\/\/www.1terreactions.org\/site\/wp-json\/wp\/v2\/pages"}],"about":[{"href":"https:\/\/www.1terreactions.org\/site\/wp-json\/wp\/v2\/types\/page"}],"author":[{"embeddable":true,"href":"https:\/\/www.1terreactions.org\/site\/wp-json\/wp\/v2\/users\/2"}],"replies":[{"embeddable":true,"href":"https:\/\/www.1terreactions.org\/site\/wp-json\/wp\/v2\/comments?post=137"}],"version-history":[{"count":20,"href":"https:\/\/www.1terreactions.org\/site\/wp-json\/wp\/v2\/pages\/137\/revisions"}],"predecessor-version":[{"id":1592,"href":"https:\/\/www.1terreactions.org\/site\/wp-json\/wp\/v2\/pages\/137\/revisions\/1592"}],"wp:attachment":[{"href":"https:\/\/www.1terreactions.org\/site\/wp-json\/wp\/v2\/media?parent=137"}],"curies":[{"name":"wp","href":"https:\/\/api.w.org\/{rel}","templated":true}]}}