{"id":139,"date":"2017-12-27T09:13:25","date_gmt":"2017-12-27T08:13:25","guid":{"rendered":"http:\/\/www.1terreactions.org\/site\/?page_id=139"},"modified":"2026-03-20T12:21:43","modified_gmt":"2026-03-20T11:21:43","slug":"atelier-auto-reparation","status":"publish","type":"page","link":"https:\/\/www.1terreactions.org\/site\/atelier-auto-reparation\/","title":{"rendered":"Atelier \u00ab\u00a0Auto-r\u00e9paration\u00a0\u00bb"},"content":{"rendered":"\t\t<div data-elementor-type=\"wp-page\" data-elementor-id=\"139\" class=\"elementor elementor-139\">\n\t\t\t\t<div class=\"elementor-element elementor-element-3ffc6ceb e-con-full e-flex wpr-particle-no wpr-jarallax-no wpr-parallax-no wpr-sticky-section-no wpr-equal-height-no e-con e-parent\" data-id=\"3ffc6ceb\" data-element_type=\"container\" data-e-type=\"container\">\n\t\t\t\t<div class=\"elementor-element elementor-element-bc7cafe elementor-widget elementor-widget-heading\" data-id=\"bc7cafe\" data-element_type=\"widget\" data-e-type=\"widget\" data-widget_type=\"heading.default\">\n\t\t\t\t\t<h2 class=\"elementor-heading-title elementor-size-default\">Atelier d'autor\u00e9paration<\/h2>\t\t\t\t<\/div>\n\t\t\t\t<div class=\"elementor-element elementor-element-d19494e elementor-widget elementor-widget-text-editor\" data-id=\"d19494e\" data-element_type=\"widget\" data-e-type=\"widget\" data-widget_type=\"text-editor.default\">\n\t\t\t\t\t\t\t\t\t<p>1-Terre-Actions propose \u00e0 ses adh\u00e9rent\u00b7e\u00b7s des cr\u00e9neaux d&rsquo;auto-r\u00e9paration d&rsquo;1 heure.<\/p><p>Cet atelier vous permet d<strong>&lsquo;apprendre \u00e0 r\u00e9parer<\/strong> et <strong>entretenir vous-m\u00eame votre v\u00e9lo<\/strong>, dans un but de <strong>v\u00e9lonomie<\/strong> (autonomie \u00e0 v\u00e9lo ;).<\/p><p>Sur un cr\u00e9neau d&rsquo;autor\u00e9paration, vous aurez \u00e0 disposition pendant 1h des <strong>outils <\/strong>ainsi qu&rsquo;un\u00b7e <strong>salari\u00e9\u00b7e <\/strong>ou <strong>b\u00e9n\u00e9vole chevronn\u00e9\u00b7e <\/strong>pour vous <strong>initier<\/strong> \u00e0 la <strong>m\u00e9canique v\u00e9lo<\/strong>.<\/p><p>C&rsquo;est un atelier dynamique o\u00f9 l&rsquo;on \u00e9change des conseils, \u00ab\u00a0trucs &amp; astuces\u00a0\u00bb vous permettant de tout savoir sur le v\u00e9lo&#8230;. ou presque!<\/p><p>Et comme c&rsquo;est vous qui faites tout, il n&rsquo;y a pas de frais de main d&rsquo;oeuvre !<\/p><p>Il est obligatoire de s&rsquo;inscrire \u00e0 un cr\u00e9neau via les formulaires ci-dessous.<\/p><p>\u00a0<\/p><p><strong>A noter : l&rsquo;adh\u00e9sion est obligatoire pour cet atelier.<\/strong> Vous pouvez adh\u00e9rer en ligne (voir <a href=\"https:\/\/www.1terreactions.org\/site\/adhesion\/\">nous rejoindre<\/a>) ou directement sur place.<\/p>\t\t\t\t\t\t\t\t<\/div>\n\t\t\t\t<\/div>\n\t\t<div class=\"elementor-element elementor-element-b8a0449 e-con-full e-flex wpr-particle-no wpr-jarallax-no wpr-parallax-no wpr-sticky-section-no wpr-equal-height-no e-con e-parent\" data-id=\"b8a0449\" data-element_type=\"container\" data-e-type=\"container\">\n\t\t\t\t<div class=\"elementor-element elementor-element-74610fe elementor-widget elementor-widget-heading\" data-id=\"74610fe\" data-element_type=\"widget\" data-e-type=\"widget\" data-widget_type=\"heading.default\">\n\t\t\t\t\t<h2 class=\"elementor-heading-title elementor-size-default\">Prendre un rdv d'autor\u00e9paration \u00e0 l'Argonne<\/h2>\t\t\t\t<\/div>\n\t\t\t\t<div class=\"elementor-element elementor-element-f593c6f elementor-widget elementor-widget-text-editor\" data-id=\"f593c6f\" data-element_type=\"widget\" data-e-type=\"widget\" data-widget_type=\"text-editor.default\">\n\t\t\t\t\t\t\t\t\t<p><strong>HORAIRES :<\/strong> le mercredi de 16h30 \u00e0 19h30 (3 cr\u00e9neaux de 3 places) et le samedi de 10h \u00e0 13h (3 cr\u00e9neaux de 3 places) \u00e0 l&rsquo;atelier de l&rsquo;Argonne (15 rue du Grand Villiers, 45000 Orl\u00e9ans)<\/p>\t\t\t\t\t\t\t\t<\/div>\n\t\t\t\t<div class=\"elementor-element elementor-element-357c02c elementor-widget elementor-widget-text-editor\" data-id=\"357c02c\" data-element_type=\"widget\" data-e-type=\"widget\" data-widget_type=\"text-editor.default\">\n\t\t\t\t\t\t\t\t\t<p style=\"text-align: center;\"><span style=\"color: #99cc00;\">\u00a0<\/span><a href=\"https:\/\/fr.resaclick.net\/1terreactionsargonne\"><span style=\"color: #99cc00;\">Inscription pour l&rsquo;atelier de l&rsquo;Argonne !<\/span><\/a><\/p>\t\t\t\t\t\t\t\t<\/div>\n\t\t\t\t<div class=\"elementor-element elementor-element-286979d elementor-widget elementor-widget-heading\" data-id=\"286979d\" data-element_type=\"widget\" data-e-type=\"widget\" data-widget_type=\"heading.default\">\n\t\t\t\t\t<h4 class=\"elementor-heading-title elementor-size-default\">R\u00e9server un cr\u00e9neau :<\/h4>\t\t\t\t<\/div>\n\t\t\t\t<div class=\"elementor-element elementor-element-ab6dcb7 elementor-widget elementor-widget-html\" data-id=\"ab6dcb7\" data-element_type=\"widget\" data-e-type=\"widget\" data-widget_type=\"html.default\">\n\t\t\t\t\t<iframe style = \"border:0; height:200px; width:100%;\" src=\"https:\/\/resaclick.net\/features\/pro\/proPublic\/iframe\/agenda.php?v=2808_W7EJcN6YClrtVZpKyqUn&bgColor=white\"><\/iframe>\t\t\t\t<\/div>\n\t\t\t\t<div class=\"elementor-element elementor-element-62fbc38 elementor-widget elementor-widget-heading\" data-id=\"62fbc38\" data-element_type=\"widget\" data-e-type=\"widget\" data-widget_type=\"heading.default\">\n\t\t\t\t\t<h2 class=\"elementor-heading-title elementor-size-default\">Prendre un rdv d'autor\u00e9paration \u00e0 La Source<\/h2>\t\t\t\t<\/div>\n\t\t\t\t<div class=\"elementor-element elementor-element-5201b706 elementor-widget elementor-widget-text-editor\" data-id=\"5201b706\" data-element_type=\"widget\" data-e-type=\"widget\" data-widget_type=\"text-editor.default\">\n\t\t\t\t\t\t\t\t\t<p><strong>HORAIRES ET ADRESSE :<\/strong> le mercredi de 14h \u00e0 17h (3 cr\u00e9neaux de 3 places) \u00e0 l&rsquo;atelier d&rsquo;Orl\u00e9ans-la-Source (6 rue Alain, 45100 Orl\u00e9ans-la-Source)<\/p><p style=\"text-align: center;\"><a href=\"https:\/\/fr.resaclick.net\/1terreactionslasour\"><span style=\"color: #99cc00;\">Inscription pour l&rsquo;atelier de La Source !\u00a0<\/span><\/a><\/p>\t\t\t\t\t\t\t\t<\/div>\n\t\t\t\t<div class=\"elementor-element elementor-element-a05dbee elementor-widget elementor-widget-heading\" data-id=\"a05dbee\" data-element_type=\"widget\" data-e-type=\"widget\" data-widget_type=\"heading.default\">\n\t\t\t\t\t<h4 class=\"elementor-heading-title elementor-size-default\">R\u00e9server un cr\u00e9neau :<\/h4>\t\t\t\t<\/div>\n\t\t\t\t<div class=\"elementor-element elementor-element-c24d937 elementor-widget elementor-widget-html\" data-id=\"c24d937\" data-element_type=\"widget\" data-e-type=\"widget\" data-widget_type=\"html.default\">\n\t\t\t\t\t<iframe style = \"border:0; height:200px; width:100%;\" src=\"https:\/\/resaclick.net\/features\/pro\/proPublic\/iframe\/agenda.php?v=2810_ms13WE0Zi2unk7OYdULr&bgColor=white\"><\/iframe>\t\t\t\t<\/div>\n\t\t\t\t<\/div>\n\t\t<div class=\"elementor-element elementor-element-b2e2378 e-flex e-con-boxed wpr-particle-no wpr-jarallax-no wpr-parallax-no wpr-sticky-section-no wpr-equal-height-no e-con e-parent\" data-id=\"b2e2378\" data-element_type=\"container\" data-e-type=\"container\">\n\t\t\t\t\t<div class=\"e-con-inner\">\n\t\t\t\t<div class=\"elementor-element elementor-element-6b6fe25 elementor-widget elementor-widget-image\" data-id=\"6b6fe25\" data-element_type=\"widget\" data-e-type=\"widget\" data-widget_type=\"image.default\">\n\t\t\t\t\t\t\t\t\t\t\t\t\t\t\t<img fetchpriority=\"high\" decoding=\"async\" width=\"768\" height=\"543\" src=\"https:\/\/www.1terreactions.org\/site\/wp-content\/uploads\/2017\/12\/10253753_303602993127706_6329559844554337841_n-768x543.jpg\" class=\"attachment-medium_large size-medium_large wp-image-205\" alt=\"\" srcset=\"https:\/\/www.1terreactions.org\/site\/wp-content\/uploads\/2017\/12\/10253753_303602993127706_6329559844554337841_n-768x543.jpg 768w, https:\/\/www.1terreactions.org\/site\/wp-content\/uploads\/2017\/12\/10253753_303602993127706_6329559844554337841_n-300x212.jpg 300w, https:\/\/www.1terreactions.org\/site\/wp-content\/uploads\/2017\/12\/10253753_303602993127706_6329559844554337841_n.jpg 960w\" sizes=\"(max-width: 768px) 100vw, 768px\" \/>\t\t\t\t\t\t\t\t\t\t\t\t\t\t\t<\/div>\n\t\t\t\t\t<\/div>\n\t\t\t\t<\/div>\n\t\t\t\t<\/div>\n\t\t","protected":false},"excerpt":{"rendered":"<p>Atelier d&rsquo;autor\u00e9paration 1-Terre-Actions propose \u00e0 ses adh\u00e9rent\u00b7e\u00b7s des cr\u00e9neaux d&rsquo;auto-r\u00e9paration d&rsquo;1 heure. Cet atelier vous permet d&lsquo;apprendre \u00e0 r\u00e9parer et entretenir vous-m\u00eame votre v\u00e9lo, dans un but de v\u00e9lonomie (autonomie \u00e0 v\u00e9lo ;). Sur un cr\u00e9neau d&rsquo;autor\u00e9paration, vous aurez \u00e0 disposition pendant 1h des outils ainsi qu&rsquo;un\u00b7e salari\u00e9\u00b7e ou b\u00e9n\u00e9vole chevronn\u00e9\u00b7e pour vous initier \u00e0 la m\u00e9canique v\u00e9lo. C&rsquo;est un atelier dynamique o\u00f9 l&rsquo;on \u00e9change des conseils, \u00ab\u00a0trucs &amp; astuces\u00a0\u00bb vous permettant de tout savoir sur le v\u00e9lo&#8230;. ou presque! Et comme c&rsquo;est vous qui faites tout, il n&rsquo;y a pas de frais de main d&rsquo;oeuvre ! Il est obligatoire de s&rsquo;inscrire \u00e0 un cr\u00e9neau via les formulaires ci-dessous. \u00a0 A noter : l&rsquo;adh\u00e9sion est obligatoire pour cet atelier. Vous pouvez adh\u00e9rer en ligne (voir nous rejoindre) ou directement sur place. Prendre un rdv d&rsquo;autor\u00e9paration \u00e0 l&rsquo;Argonne HORAIRES : le mercredi de 16h30 \u00e0 19h30 (3 cr\u00e9neaux de 3 places) et le samedi de 10h \u00e0 13h (3 cr\u00e9neaux de 3 places) \u00e0 l&rsquo;atelier de l&rsquo;Argonne (15 rue du Grand Villiers, 45000 Orl\u00e9ans) \u00a0Inscription pour l&rsquo;atelier de l&rsquo;Argonne ! R\u00e9server un cr\u00e9neau : Prendre un rdv d&rsquo;autor\u00e9paration \u00e0 La Source HORAIRES ET ADRESSE : le mercredi de 14h \u00e0 17h (3 cr\u00e9neaux de 3 places) \u00e0 l&rsquo;atelier d&rsquo;Orl\u00e9ans-la-Source (6 rue Alain, 45100 Orl\u00e9ans-la-Source) Inscription pour l&rsquo;atelier de La Source !\u00a0 R\u00e9server un cr\u00e9neau :<\/p>\n","protected":false},"author":2,"featured_media":0,"parent":0,"menu_order":0,"comment_status":"closed","ping_status":"closed","template":"","meta":{"site-sidebar-layout":"default","site-content-layout":"","ast-site-content-layout":"default","site-content-style":"default","site-sidebar-style":"default","ast-global-header-display":"","ast-banner-title-visibility":"","ast-main-header-display":"","ast-hfb-above-header-display":"","ast-hfb-below-header-display":"","ast-hfb-mobile-header-display":"","site-post-title":"","ast-breadcrumbs-content":"","ast-featured-img":"","footer-sml-layout":"","ast-disable-related-posts":"","theme-transparent-header-meta":"","adv-header-id-meta":"","stick-header-meta":"","header-above-stick-meta":"","header-main-stick-meta":"","header-below-stick-meta":"","astra-migrate-meta-layouts":"default","ast-page-background-enabled":"default","ast-page-background-meta":{"desktop":{"background-color":"var(--ast-global-color-5)","background-image":"","background-repeat":"repeat","background-position":"center center","background-size":"auto","background-attachment":"scroll","background-type":"","background-media":"","overlay-type":"","overlay-color":"","overlay-opacity":"","overlay-gradient":""},"tablet":{"background-color":"","background-image":"","background-repeat":"repeat","background-position":"center center","background-size":"auto","background-attachment":"scroll","background-type":"","background-media":"","overlay-type":"","overlay-color":"","overlay-opacity":"","overlay-gradient":""},"mobile":{"background-color":"","background-image":"","background-repeat":"repeat","background-position":"center center","background-size":"auto","background-attachment":"scroll","background-type":"","background-media":"","overlay-type":"","overlay-color":"","overlay-opacity":"","overlay-gradient":""}},"ast-content-background-meta":{"desktop":{"background-color":"var(--ast-global-color-4)","background-image":"","background-repeat":"repeat","background-position":"center center","background-size":"auto","background-attachment":"scroll","background-type":"","background-media":"","overlay-type":"","overlay-color":"","overlay-opacity":"","overlay-gradient":""},"tablet":{"background-color":"var(--ast-global-color-4)","background-image":"","background-repeat":"repeat","background-position":"center center","background-size":"auto","background-attachment":"scroll","background-type":"","background-media":"","overlay-type":"","overlay-color":"","overlay-opacity":"","overlay-gradient":""},"mobile":{"background-color":"var(--ast-global-color-4)","background-image":"","background-repeat":"repeat","background-position":"center center","background-size":"auto","background-attachment":"scroll","background-type":"","background-media":"","overlay-type":"","overlay-color":"","overlay-opacity":"","overlay-gradient":""}},"footnotes":""},"class_list":["post-139","page","type-page","status-publish","hentry"],"_links":{"self":[{"href":"https:\/\/www.1terreactions.org\/site\/wp-json\/wp\/v2\/pages\/139","targetHints":{"allow":["GET"]}}],"collection":[{"href":"https:\/\/www.1terreactions.org\/site\/wp-json\/wp\/v2\/pages"}],"about":[{"href":"https:\/\/www.1terreactions.org\/site\/wp-json\/wp\/v2\/types\/page"}],"author":[{"embeddable":true,"href":"https:\/\/www.1terreactions.org\/site\/wp-json\/wp\/v2\/users\/2"}],"replies":[{"embeddable":true,"href":"https:\/\/www.1terreactions.org\/site\/wp-json\/wp\/v2\/comments?post=139"}],"version-history":[{"count":36,"href":"https:\/\/www.1terreactions.org\/site\/wp-json\/wp\/v2\/pages\/139\/revisions"}],"predecessor-version":[{"id":1671,"href":"https:\/\/www.1terreactions.org\/site\/wp-json\/wp\/v2\/pages\/139\/revisions\/1671"}],"wp:attachment":[{"href":"https:\/\/www.1terreactions.org\/site\/wp-json\/wp\/v2\/media?parent=139"}],"curies":[{"name":"wp","href":"https:\/\/api.w.org\/{rel}","templated":true}]}}