{"id":1413,"date":"2026-03-11T15:47:54","date_gmt":"2026-03-11T14:47:54","guid":{"rendered":"https:\/\/www.1terreactions.org\/site\/?page_id=1413"},"modified":"2026-03-18T11:54:52","modified_gmt":"2026-03-18T10:54:52","slug":"adhesion","status":"publish","type":"page","link":"https:\/\/www.1terreactions.org\/site\/adhesion\/","title":{"rendered":"Adhesion"},"content":{"rendered":"\t\t<div data-elementor-type=\"wp-page\" data-elementor-id=\"1413\" class=\"elementor elementor-1413\">\n\t\t\t\t<div class=\"elementor-element elementor-element-4e01f46 e-flex e-con-boxed wpr-particle-no wpr-jarallax-no wpr-parallax-no wpr-sticky-section-no wpr-equal-height-no e-con e-parent\" data-id=\"4e01f46\" data-element_type=\"container\" data-e-type=\"container\">\n\t\t\t\t\t<div class=\"e-con-inner\">\n\t\t\t\t<div class=\"elementor-element elementor-element-27cd768 elementor-widget elementor-widget-heading\" data-id=\"27cd768\" data-element_type=\"widget\" data-e-type=\"widget\" data-widget_type=\"heading.default\">\n\t\t\t\t\t<h2 class=\"elementor-heading-title elementor-size-default\">Adh\u00e9sion<\/h2>\t\t\t\t<\/div>\n\t\t\t\t<div class=\"elementor-element elementor-element-50cd843 elementor-widget elementor-widget-text-editor\" data-id=\"50cd843\" data-element_type=\"widget\" data-e-type=\"widget\" data-widget_type=\"text-editor.default\">\n\t\t\t\t\t\t\t\t\t<p>L\u2019adh\u00e9sion, n\u00e9cessaire pour avoir acc\u00e8s aux services de l\u2019association, se fait pour un an \u00e0 compter de la date de cotisation.<\/p><p>\u2013 Adh\u00e9sion annuelle : 20 \u20ac<br \/>\u2013 Adh\u00e9sion annuelle r\u00e9duite (\u00e9tudiant\u00b7e, ch\u00f4meur\u00b7se) : 10 \u20ac<br \/>\u2013 Adh\u00e9sion minimale obligatoire lors de l\u2019achat d\u2019un v\u00e9lo ou de pi\u00e8ces d\u00e9tach\u00e9es : 5 \u20ac, acc\u00e8s \u00e0 tous les services pendant 2 mois<br \/>\u2013 Adh\u00e9sion annuelle v\u00e9lo-\u00e9cole : 5\u20ac<\/p><p>\u2013 Adh\u00e9sion personne morale : 100 \u20ac<\/p><p><strong>Vous pouvez d\u00e9sormais adh\u00e9rer en ligne, <a href=\"https:\/\/www.helloasso.com\/associations\/1-terre-actions\/adhesions\/bulletin-d-adhesion\/1\" target=\"_blank\" rel=\"noopener noreferrer\">en cliquant ici<\/a> ou avec le QR-code suivant :<\/strong><\/p>\t\t\t\t\t\t\t\t<\/div>\n\t\t\t\t<div class=\"elementor-element elementor-element-b64b6a6 elementor-widget elementor-widget-image\" data-id=\"b64b6a6\" data-element_type=\"widget\" data-e-type=\"widget\" data-widget_type=\"image.default\">\n\t\t\t\t\t\t\t\t\t\t\t\t\t\t\t<img fetchpriority=\"high\" decoding=\"async\" width=\"349\" height=\"206\" src=\"https:\/\/www.1terreactions.org\/site\/wp-content\/uploads\/2024\/10\/qr-code-adh\u00e9sion.png\" class=\"attachment-medium_large size-medium_large wp-image-644\" alt=\"\" srcset=\"https:\/\/www.1terreactions.org\/site\/wp-content\/uploads\/2024\/10\/qr-code-adh\u00e9sion.png 349w, https:\/\/www.1terreactions.org\/site\/wp-content\/uploads\/2024\/10\/qr-code-adh\u00e9sion-300x177.png 300w\" sizes=\"(max-width: 349px) 100vw, 349px\" \/>\t\t\t\t\t\t\t\t\t\t\t\t\t\t\t<\/div>\n\t\t\t\t\t<\/div>\n\t\t\t\t<\/div>\n\t\t\t\t<\/div>\n\t\t","protected":false},"excerpt":{"rendered":"<p>Adh\u00e9sion L\u2019adh\u00e9sion, n\u00e9cessaire pour avoir acc\u00e8s aux services de l\u2019association, se fait pour un an \u00e0 compter de la date de cotisation. \u2013 Adh\u00e9sion annuelle : 20 \u20ac\u2013 Adh\u00e9sion annuelle r\u00e9duite (\u00e9tudiant\u00b7e, ch\u00f4meur\u00b7se) : 10 \u20ac\u2013 Adh\u00e9sion minimale obligatoire lors de l\u2019achat d\u2019un v\u00e9lo ou de pi\u00e8ces d\u00e9tach\u00e9es : 5 \u20ac, acc\u00e8s \u00e0 tous les services pendant 2 mois\u2013 Adh\u00e9sion annuelle v\u00e9lo-\u00e9cole : 5\u20ac \u2013 Adh\u00e9sion personne morale : 100 \u20ac Vous pouvez d\u00e9sormais adh\u00e9rer en ligne, en cliquant ici ou avec le QR-code suivant :<\/p>\n","protected":false},"author":2,"featured_media":0,"parent":0,"menu_order":0,"comment_status":"closed","ping_status":"closed","template":"","meta":{"site-sidebar-layout":"no-sidebar","site-content-layout":"","ast-site-content-layout":"full-width-container","site-content-style":"default","site-sidebar-style":"default","ast-global-header-display":"","ast-banner-title-visibility":"","ast-main-header-display":"","ast-hfb-above-header-display":"","ast-hfb-below-header-display":"","ast-hfb-mobile-header-display":"","site-post-title":"","ast-breadcrumbs-content":"","ast-featured-img":"disabled","footer-sml-layout":"","ast-disable-related-posts":"","theme-transparent-header-meta":"","adv-header-id-meta":"","stick-header-meta":"","header-above-stick-meta":"","header-main-stick-meta":"","header-below-stick-meta":"","astra-migrate-meta-layouts":"default","ast-page-background-enabled":"default","ast-page-background-meta":{"desktop":{"background-color":"var(--ast-global-color-5)","background-image":"","background-repeat":"repeat","background-position":"center center","background-size":"auto","background-attachment":"scroll","background-type":"","background-media":"","overlay-type":"","overlay-color":"","overlay-opacity":"","overlay-gradient":""},"tablet":{"background-color":"","background-image":"","background-repeat":"repeat","background-position":"center center","background-size":"auto","background-attachment":"scroll","background-type":"","background-media":"","overlay-type":"","overlay-color":"","overlay-opacity":"","overlay-gradient":""},"mobile":{"background-color":"","background-image":"","background-repeat":"repeat","background-position":"center center","background-size":"auto","background-attachment":"scroll","background-type":"","background-media":"","overlay-type":"","overlay-color":"","overlay-opacity":"","overlay-gradient":""}},"ast-content-background-meta":{"desktop":{"background-color":"var(--ast-global-color-4)","background-image":"","background-repeat":"repeat","background-position":"center center","background-size":"auto","background-attachment":"scroll","background-type":"","background-media":"","overlay-type":"","overlay-color":"","overlay-opacity":"","overlay-gradient":""},"tablet":{"background-color":"var(--ast-global-color-4)","background-image":"","background-repeat":"repeat","background-position":"center center","background-size":"auto","background-attachment":"scroll","background-type":"","background-media":"","overlay-type":"","overlay-color":"","overlay-opacity":"","overlay-gradient":""},"mobile":{"background-color":"var(--ast-global-color-4)","background-image":"","background-repeat":"repeat","background-position":"center center","background-size":"auto","background-attachment":"scroll","background-type":"","background-media":"","overlay-type":"","overlay-color":"","overlay-opacity":"","overlay-gradient":""}},"footnotes":""},"class_list":["post-1413","page","type-page","status-publish","hentry"],"_links":{"self":[{"href":"https:\/\/www.1terreactions.org\/site\/wp-json\/wp\/v2\/pages\/1413","targetHints":{"allow":["GET"]}}],"collection":[{"href":"https:\/\/www.1terreactions.org\/site\/wp-json\/wp\/v2\/pages"}],"about":[{"href":"https:\/\/www.1terreactions.org\/site\/wp-json\/wp\/v2\/types\/page"}],"author":[{"embeddable":true,"href":"https:\/\/www.1terreactions.org\/site\/wp-json\/wp\/v2\/users\/2"}],"replies":[{"embeddable":true,"href":"https:\/\/www.1terreactions.org\/site\/wp-json\/wp\/v2\/comments?post=1413"}],"version-history":[{"count":7,"href":"https:\/\/www.1terreactions.org\/site\/wp-json\/wp\/v2\/pages\/1413\/revisions"}],"predecessor-version":[{"id":1560,"href":"https:\/\/www.1terreactions.org\/site\/wp-json\/wp\/v2\/pages\/1413\/revisions\/1560"}],"wp:attachment":[{"href":"https:\/\/www.1terreactions.org\/site\/wp-json\/wp\/v2\/media?parent=1413"}],"curies":[{"name":"wp","href":"https:\/\/api.w.org\/{rel}","templated":true}]}}