{"id":1423,"date":"2026-03-11T15:53:01","date_gmt":"2026-03-11T14:53:01","guid":{"rendered":"https:\/\/www.1terreactions.org\/site\/?page_id=1423"},"modified":"2026-03-17T10:00:20","modified_gmt":"2026-03-17T09:00:20","slug":"devenir-benevole","status":"publish","type":"page","link":"https:\/\/www.1terreactions.org\/site\/devenir-benevole\/","title":{"rendered":"Devenir b\u00e9n\u00e9vole"},"content":{"rendered":"\t\t<div data-elementor-type=\"wp-page\" data-elementor-id=\"1423\" class=\"elementor elementor-1423\">\n\t\t\t\t<div class=\"elementor-element elementor-element-78acf93 e-flex e-con-boxed wpr-particle-no wpr-jarallax-no wpr-parallax-no wpr-sticky-section-no wpr-equal-height-no e-con e-parent\" data-id=\"78acf93\" data-element_type=\"container\" data-e-type=\"container\">\n\t\t\t\t\t<div class=\"e-con-inner\">\n\t\t\t\t<div class=\"elementor-element elementor-element-9e399c1 elementor-widget elementor-widget-spacer\" data-id=\"9e399c1\" data-element_type=\"widget\" data-e-type=\"widget\" data-widget_type=\"spacer.default\">\n\t\t\t\t\t\t\t<div class=\"elementor-spacer\">\n\t\t\t<div class=\"elementor-spacer-inner\"><\/div>\n\t\t<\/div>\n\t\t\t\t\t\t<\/div>\n\t\t\t\t<div class=\"elementor-element elementor-element-f179b27 elementor-widget elementor-widget-heading\" data-id=\"f179b27\" data-element_type=\"widget\" data-e-type=\"widget\" data-widget_type=\"heading.default\">\n\t\t\t\t\t<h2 class=\"elementor-heading-title elementor-size-default\"><h3><strong>Devenez b\u00e9n\u00e9vole : nous avons besoin de votre engagement pour agir !<\/strong><\/h3><\/h2>\t\t\t\t<\/div>\n\t\t\t\t<div class=\"elementor-element elementor-element-fd22c5b elementor-widget elementor-widget-text-editor\" data-id=\"fd22c5b\" data-element_type=\"widget\" data-e-type=\"widget\" data-widget_type=\"text-editor.default\">\n\t\t\t\t\t\t\t\t\t<p>Vous souhaitez devenir b\u00e9n\u00e9vole\u2026 Vous \u00eates bienvenu\u00b7e\u00b7s.<\/p><p>Nul besoin de s\u2019y conna\u00eetre en v\u00e9lo, toutes vos comp\u00e9tences sont utiles \u00e0 nos besoins associatifs :<\/p><ul><li>M\u00e9canique v\u00e9lo<\/li><li>Accueil<\/li><li>Manutention<\/li><li>Bricolage g\u00e9n\u00e9ral<\/li><li>T\u00e2ches administratives<\/li><li>Communication<\/li><li>Informatique<\/li><\/ul><p>Vos valeurs sont les n\u00f4tres,\u00a0 REJOIGNEZ NOUS!<\/p><p><a href=\"http:\/\/www.1terreactions.org\/site\/wp-content\/uploads\/2023\/09\/Charte-des-b\u00e9n\u00e9voles-1TA-1-1.pdf\">Charte des b\u00e9n\u00e9voles<\/a><\/p><p><a href=\"http:\/\/www.1terreactions.org\/site\/wp-content\/uploads\/2023\/09\/R\u00e8glement-Int\u00e9rieur-de-1TA-1.pdf\">R\u00e8glement int\u00e9rieur <\/a><\/p><p>Rendez-vous sur la page <a href=\"http:\/\/www.1terreactions.org\/site\/infos-pratiques\/\">infos pratiques<\/a> pour conna\u00eetre les horaires d\u2019ouverture des ateliers de l\u2019Argonne et de la Source aux b\u00e9n\u00e9voles. Le mieux est de nous envoyer un message avant de venir, pour que nous puissions vous accueillir dans les meilleures conditions.<\/p><p>Pour un coup de main qui ne porte pas sur la m\u00e9canique v\u00e9lo, contactez-nous pour nous dire quand vous souhaitez passer.<\/p>\t\t\t\t\t\t\t\t<\/div>\n\t\t\t\t<div class=\"elementor-element elementor-element-5b72197 elementor-widget elementor-widget-image\" data-id=\"5b72197\" data-element_type=\"widget\" data-e-type=\"widget\" data-widget_type=\"image.default\">\n\t\t\t\t\t\t\t\t\t\t\t\t\t\t\t<img fetchpriority=\"high\" decoding=\"async\" width=\"768\" height=\"940\" src=\"https:\/\/www.1terreactions.org\/site\/wp-content\/uploads\/2023\/09\/Venez_benevoler_affiche-768x940.jpg\" class=\"attachment-medium_large size-medium_large wp-image-477\" alt=\"\" srcset=\"https:\/\/www.1terreactions.org\/site\/wp-content\/uploads\/2023\/09\/Venez_benevoler_affiche-768x940.jpg 768w, https:\/\/www.1terreactions.org\/site\/wp-content\/uploads\/2023\/09\/Venez_benevoler_affiche-245x300.jpg 245w, https:\/\/www.1terreactions.org\/site\/wp-content\/uploads\/2023\/09\/Venez_benevoler_affiche-837x1024.jpg 837w, https:\/\/www.1terreactions.org\/site\/wp-content\/uploads\/2023\/09\/Venez_benevoler_affiche.jpg 1654w\" sizes=\"(max-width: 768px) 100vw, 768px\" \/>\t\t\t\t\t\t\t\t\t\t\t\t\t\t\t<\/div>\n\t\t\t\t\t<\/div>\n\t\t\t\t<\/div>\n\t\t\t\t<\/div>\n\t\t","protected":false},"excerpt":{"rendered":"<p>Devenez b\u00e9n\u00e9vole : nous avons besoin de votre engagement pour agir ! Vous souhaitez devenir b\u00e9n\u00e9vole\u2026 Vous \u00eates bienvenu\u00b7e\u00b7s. Nul besoin de s\u2019y conna\u00eetre en v\u00e9lo, toutes vos comp\u00e9tences sont utiles \u00e0 nos besoins associatifs : M\u00e9canique v\u00e9lo Accueil Manutention Bricolage g\u00e9n\u00e9ral T\u00e2ches administratives Communication Informatique Vos valeurs sont les n\u00f4tres,\u00a0 REJOIGNEZ NOUS! Charte des b\u00e9n\u00e9voles R\u00e8glement int\u00e9rieur Rendez-vous sur la page infos pratiques pour conna\u00eetre les horaires d\u2019ouverture des ateliers de l\u2019Argonne et de la Source aux b\u00e9n\u00e9voles. Le mieux est de nous envoyer un message avant de venir, pour que nous puissions vous accueillir dans les meilleures conditions. Pour un coup de main qui ne porte pas sur la m\u00e9canique v\u00e9lo, contactez-nous pour nous dire quand vous souhaitez passer.<\/p>\n","protected":false},"author":2,"featured_media":0,"parent":0,"menu_order":0,"comment_status":"closed","ping_status":"closed","template":"","meta":{"site-sidebar-layout":"no-sidebar","site-content-layout":"","ast-site-content-layout":"full-width-container","site-content-style":"default","site-sidebar-style":"default","ast-global-header-display":"","ast-banner-title-visibility":"","ast-main-header-display":"","ast-hfb-above-header-display":"","ast-hfb-below-header-display":"","ast-hfb-mobile-header-display":"","site-post-title":"","ast-breadcrumbs-content":"","ast-featured-img":"disabled","footer-sml-layout":"","ast-disable-related-posts":"","theme-transparent-header-meta":"","adv-header-id-meta":"","stick-header-meta":"","header-above-stick-meta":"","header-main-stick-meta":"","header-below-stick-meta":"","astra-migrate-meta-layouts":"default","ast-page-background-enabled":"default","ast-page-background-meta":{"desktop":{"background-color":"var(--ast-global-color-5)","background-image":"","background-repeat":"repeat","background-position":"center center","background-size":"auto","background-attachment":"scroll","background-type":"","background-media":"","overlay-type":"","overlay-color":"","overlay-opacity":"","overlay-gradient":""},"tablet":{"background-color":"","background-image":"","background-repeat":"repeat","background-position":"center center","background-size":"auto","background-attachment":"scroll","background-type":"","background-media":"","overlay-type":"","overlay-color":"","overlay-opacity":"","overlay-gradient":""},"mobile":{"background-color":"","background-image":"","background-repeat":"repeat","background-position":"center center","background-size":"auto","background-attachment":"scroll","background-type":"","background-media":"","overlay-type":"","overlay-color":"","overlay-opacity":"","overlay-gradient":""}},"ast-content-background-meta":{"desktop":{"background-color":"var(--ast-global-color-4)","background-image":"","background-repeat":"repeat","background-position":"center center","background-size":"auto","background-attachment":"scroll","background-type":"","background-media":"","overlay-type":"","overlay-color":"","overlay-opacity":"","overlay-gradient":""},"tablet":{"background-color":"var(--ast-global-color-4)","background-image":"","background-repeat":"repeat","background-position":"center center","background-size":"auto","background-attachment":"scroll","background-type":"","background-media":"","overlay-type":"","overlay-color":"","overlay-opacity":"","overlay-gradient":""},"mobile":{"background-color":"var(--ast-global-color-4)","background-image":"","background-repeat":"repeat","background-position":"center center","background-size":"auto","background-attachment":"scroll","background-type":"","background-media":"","overlay-type":"","overlay-color":"","overlay-opacity":"","overlay-gradient":""}},"footnotes":""},"class_list":["post-1423","page","type-page","status-publish","hentry"],"_links":{"self":[{"href":"https:\/\/www.1terreactions.org\/site\/wp-json\/wp\/v2\/pages\/1423","targetHints":{"allow":["GET"]}}],"collection":[{"href":"https:\/\/www.1terreactions.org\/site\/wp-json\/wp\/v2\/pages"}],"about":[{"href":"https:\/\/www.1terreactions.org\/site\/wp-json\/wp\/v2\/types\/page"}],"author":[{"embeddable":true,"href":"https:\/\/www.1terreactions.org\/site\/wp-json\/wp\/v2\/users\/2"}],"replies":[{"embeddable":true,"href":"https:\/\/www.1terreactions.org\/site\/wp-json\/wp\/v2\/comments?post=1423"}],"version-history":[{"count":10,"href":"https:\/\/www.1terreactions.org\/site\/wp-json\/wp\/v2\/pages\/1423\/revisions"}],"predecessor-version":[{"id":1502,"href":"https:\/\/www.1terreactions.org\/site\/wp-json\/wp\/v2\/pages\/1423\/revisions\/1502"}],"wp:attachment":[{"href":"https:\/\/www.1terreactions.org\/site\/wp-json\/wp\/v2\/media?parent=1423"}],"curies":[{"name":"wp","href":"https:\/\/api.w.org\/{rel}","templated":true}]}}