{"id":143,"date":"2017-12-27T09:14:09","date_gmt":"2017-12-27T08:14:09","guid":{"rendered":"http:\/\/www.1terreactions.org\/site\/?page_id=143"},"modified":"2024-10-30T17:30:27","modified_gmt":"2024-10-30T16:30:27","slug":"atelier-dechets-doeuvre","status":"publish","type":"page","link":"https:\/\/www.1terreactions.org\/site\/atelier-dechets-doeuvre\/","title":{"rendered":"Atelier \u00ab\u00a0D\u00e9chets d&rsquo;oeuvre\u00a0\u00bb"},"content":{"rendered":"<p>Cet atelier vous permet de <strong>cr\u00e9er<\/strong> des <strong>oeuvres d&rsquo;art<\/strong> et des <strong>objets usuels<\/strong> \u00e0 partir de pi\u00e8ces de v\u00e9los : l&rsquo;<strong>UPCYCLING<\/strong>.<\/p>\n<p>Libre choix dans notre stock de <strong>pi\u00e8ces hors d&rsquo;usage<\/strong> afin de <strong>r\u00e9aliser<\/strong> vos <strong>\u0153uvres d&rsquo;art<\/strong>, votre <strong>d\u00e9coration<\/strong> d&rsquo;int\u00e9rieur ou encore vos <strong>bijoux<\/strong>&#8230;<\/p>\n<p>L&rsquo;id\u00e9e est toujours de <b>d\u00e9tourner, recycler et valoriser<\/b> ce qui ne peut plus rouler\u2026!<\/p>\n<p>Suivez nous sur les r\u00e9seaux sociaux pour savoir la prochaine date.<\/p>\n<p>Vous souhaitez organiser un atelier D\u00e9chets d\u2019\u0153uvre sur votre \u00e9v\u00e8nement\/dans vos locaux ? Contactez-nous ! <a class=\"components-external-link edit-post-post-link__link\" href=\"http:\/\/www.1terreactions.org\/site\/atelier-dechets-doeuvre\/\" target=\"_blank\" rel=\"external noreferrer noopener\"><span class=\"screen-reader-text\">re un nouvel onglet)<\/span><\/a><\/p>\n<p><img fetchpriority=\"high\" decoding=\"async\" class=\"alignnone wp-image-196\" src=\"http:\/\/www.1terreactions.org\/site\/wp-content\/uploads\/2017\/12\/1930746_580499528771383_4167114042477546557_n.jpg\" alt=\"\" width=\"242\" height=\"281\" srcset=\"https:\/\/www.1terreactions.org\/site\/wp-content\/uploads\/2017\/12\/1930746_580499528771383_4167114042477546557_n.jpg 826w, https:\/\/www.1terreactions.org\/site\/wp-content\/uploads\/2017\/12\/1930746_580499528771383_4167114042477546557_n-258x300.jpg 258w, https:\/\/www.1terreactions.org\/site\/wp-content\/uploads\/2017\/12\/1930746_580499528771383_4167114042477546557_n-768x893.jpg 768w\" sizes=\"(max-width: 242px) 100vw, 242px\" \/> <img decoding=\"async\" class=\"alignnone wp-image-197\" src=\"http:\/\/www.1terreactions.org\/site\/wp-content\/uploads\/2017\/12\/12990937_595934723894530_1614008446594247516_n.jpg\" alt=\"\" width=\"416\" height=\"280\" srcset=\"https:\/\/www.1terreactions.org\/site\/wp-content\/uploads\/2017\/12\/12990937_595934723894530_1614008446594247516_n.jpg 960w, https:\/\/www.1terreactions.org\/site\/wp-content\/uploads\/2017\/12\/12990937_595934723894530_1614008446594247516_n-300x202.jpg 300w, https:\/\/www.1terreactions.org\/site\/wp-content\/uploads\/2017\/12\/12990937_595934723894530_1614008446594247516_n-768x516.jpg 768w\" sizes=\"(max-width: 416px) 100vw, 416px\" \/> \u00a0 \u00a0 <img decoding=\"async\" class=\"alignnone wp-image-198\" src=\"http:\/\/www.1terreactions.org\/site\/wp-content\/uploads\/2017\/12\/bougeoire.jpg\" alt=\"\" width=\"332\" height=\"244\" srcset=\"https:\/\/www.1terreactions.org\/site\/wp-content\/uploads\/2017\/12\/bougeoire.jpg 648w, https:\/\/www.1terreactions.org\/site\/wp-content\/uploads\/2017\/12\/bougeoire-300x220.jpg 300w\" sizes=\"(max-width: 332px) 100vw, 332px\" \/> <img loading=\"lazy\" decoding=\"async\" class=\"alignnone wp-image-199\" src=\"http:\/\/www.1terreactions.org\/site\/wp-content\/uploads\/2017\/12\/troph\u00e9e.jpg\" alt=\"\" width=\"327\" height=\"245\" srcset=\"https:\/\/www.1terreactions.org\/site\/wp-content\/uploads\/2017\/12\/troph\u00e9e.jpg 729w, https:\/\/www.1terreactions.org\/site\/wp-content\/uploads\/2017\/12\/troph\u00e9e-300x225.jpg 300w\" sizes=\"(max-width: 327px) 100vw, 327px\" \/><\/p>\n","protected":false},"excerpt":{"rendered":"<p>Cet atelier vous permet de cr\u00e9er des oeuvres d&rsquo;art et des objets usuels \u00e0 partir de pi\u00e8ces de v\u00e9los : l&rsquo;UPCYCLING. Libre choix dans notre stock de pi\u00e8ces hors d&rsquo;usage afin de r\u00e9aliser vos \u0153uvres d&rsquo;art, votre d\u00e9coration d&rsquo;int\u00e9rieur ou encore vos bijoux&#8230; L&rsquo;id\u00e9e est toujours de d\u00e9tourner, recycler et valoriser ce qui ne peut plus rouler\u2026! Suivez nous sur les r\u00e9seaux sociaux pour savoir la prochaine date. Vous souhaitez organiser un atelier D\u00e9chets d\u2019\u0153uvre sur votre \u00e9v\u00e8nement\/dans vos locaux ? Contactez-nous ! re un nouvel onglet) \u00a0 \u00a0<\/p>\n","protected":false},"author":2,"featured_media":0,"parent":0,"menu_order":0,"comment_status":"closed","ping_status":"closed","template":"","meta":{"site-sidebar-layout":"default","site-content-layout":"","ast-site-content-layout":"default","site-content-style":"default","site-sidebar-style":"default","ast-global-header-display":"","ast-banner-title-visibility":"","ast-main-header-display":"","ast-hfb-above-header-display":"","ast-hfb-below-header-display":"","ast-hfb-mobile-header-display":"","site-post-title":"","ast-breadcrumbs-content":"","ast-featured-img":"","footer-sml-layout":"","ast-disable-related-posts":"","theme-transparent-header-meta":"","adv-header-id-meta":"","stick-header-meta":"","header-above-stick-meta":"","header-main-stick-meta":"","header-below-stick-meta":"","astra-migrate-meta-layouts":"default","ast-page-background-enabled":"default","ast-page-background-meta":{"desktop":{"background-color":"var(--ast-global-color-5)","background-image":"","background-repeat":"repeat","background-position":"center center","background-size":"auto","background-attachment":"scroll","background-type":"","background-media":"","overlay-type":"","overlay-color":"","overlay-opacity":"","overlay-gradient":""},"tablet":{"background-color":"","background-image":"","background-repeat":"repeat","background-position":"center center","background-size":"auto","background-attachment":"scroll","background-type":"","background-media":"","overlay-type":"","overlay-color":"","overlay-opacity":"","overlay-gradient":""},"mobile":{"background-color":"","background-image":"","background-repeat":"repeat","background-position":"center center","background-size":"auto","background-attachment":"scroll","background-type":"","background-media":"","overlay-type":"","overlay-color":"","overlay-opacity":"","overlay-gradient":""}},"ast-content-background-meta":{"desktop":{"background-color":"var(--ast-global-color-4)","background-image":"","background-repeat":"repeat","background-position":"center center","background-size":"auto","background-attachment":"scroll","background-type":"","background-media":"","overlay-type":"","overlay-color":"","overlay-opacity":"","overlay-gradient":""},"tablet":{"background-color":"var(--ast-global-color-4)","background-image":"","background-repeat":"repeat","background-position":"center center","background-size":"auto","background-attachment":"scroll","background-type":"","background-media":"","overlay-type":"","overlay-color":"","overlay-opacity":"","overlay-gradient":""},"mobile":{"background-color":"var(--ast-global-color-4)","background-image":"","background-repeat":"repeat","background-position":"center center","background-size":"auto","background-attachment":"scroll","background-type":"","background-media":"","overlay-type":"","overlay-color":"","overlay-opacity":"","overlay-gradient":""}},"footnotes":""},"class_list":["post-143","page","type-page","status-publish","hentry"],"_links":{"self":[{"href":"https:\/\/www.1terreactions.org\/site\/wp-json\/wp\/v2\/pages\/143","targetHints":{"allow":["GET"]}}],"collection":[{"href":"https:\/\/www.1terreactions.org\/site\/wp-json\/wp\/v2\/pages"}],"about":[{"href":"https:\/\/www.1terreactions.org\/site\/wp-json\/wp\/v2\/types\/page"}],"author":[{"embeddable":true,"href":"https:\/\/www.1terreactions.org\/site\/wp-json\/wp\/v2\/users\/2"}],"replies":[{"embeddable":true,"href":"https:\/\/www.1terreactions.org\/site\/wp-json\/wp\/v2\/comments?post=143"}],"version-history":[{"count":18,"href":"https:\/\/www.1terreactions.org\/site\/wp-json\/wp\/v2\/pages\/143\/revisions"}],"predecessor-version":[{"id":1196,"href":"https:\/\/www.1terreactions.org\/site\/wp-json\/wp\/v2\/pages\/143\/revisions\/1196"}],"wp:attachment":[{"href":"https:\/\/www.1terreactions.org\/site\/wp-json\/wp\/v2\/media?parent=143"}],"curies":[{"name":"wp","href":"https:\/\/api.w.org\/{rel}","templated":true}]}}