{"id":155,"date":"2017-12-27T09:17:48","date_gmt":"2017-12-27T08:17:48","guid":{"rendered":"http:\/\/www.1terreactions.org\/site\/?page_id=155"},"modified":"2026-03-18T13:49:57","modified_gmt":"2026-03-18T12:49:57","slug":"velo-ecole","status":"publish","type":"page","link":"https:\/\/www.1terreactions.org\/site\/velo-ecole\/","title":{"rendered":"V\u00e9lo-\u00e9cole"},"content":{"rendered":"\t\t<div data-elementor-type=\"wp-page\" data-elementor-id=\"155\" class=\"elementor elementor-155\">\n\t\t\t\t<div class=\"elementor-element elementor-element-49efea3a e-flex e-con-boxed wpr-particle-no wpr-jarallax-no wpr-parallax-no wpr-sticky-section-no e-con e-parent\" data-id=\"49efea3a\" data-element_type=\"container\" data-e-type=\"container\">\n\t\t\t\t\t<div class=\"e-con-inner\">\n\t\t\t\t<div class=\"elementor-element elementor-element-d6b2057 elementor-widget elementor-widget-heading\" data-id=\"d6b2057\" data-element_type=\"widget\" data-e-type=\"widget\" data-widget_type=\"heading.default\">\n\t\t\t\t\t<h2 class=\"elementor-heading-title elementor-size-default\">V\u00e9lo-\u00e9cole<\/h2>\t\t\t\t<\/div>\n\t\t\t\t<div class=\"elementor-element elementor-element-f9ff10b elementor-widget elementor-widget-text-editor\" data-id=\"f9ff10b\" data-element_type=\"widget\" data-e-type=\"widget\" data-widget_type=\"text-editor.default\">\n\t\t\t\t\t\t\t\t\t<p style=\"text-align: center;\">\u00c7a y est, 1-Terre-Actions ouvre enfin sa v\u00e9lo-\u00e9cole \u00e0 destination des adultes !<\/p>\n\n<figure class=\"wp-block-image\"><img fetchpriority=\"high\" decoding=\"async\" width=\"709\" height=\"906\" class=\"wp-image-1038 aligncenter\" src=\"https:\/\/www.1terreactions.org\/site\/wp-content\/uploads\/2025\/11\/affiche-velo-ecole.jpg\" alt=\"\" srcset=\"https:\/\/www.1terreactions.org\/site\/wp-content\/uploads\/2025\/11\/affiche-velo-ecole.jpg 709w, https:\/\/www.1terreactions.org\/site\/wp-content\/uploads\/2025\/11\/affiche-velo-ecole-235x300.jpg 235w\" sizes=\"(max-width: 709px) 100vw, 709px\" \/><\/figure>\n\n<p><strong><em>POUR QUI ?<\/em><\/strong> Pour toutes les personnes qui souhaitent apprendre ou r\u00e9apprendre \u00e0 faire du v\u00e9lo (\u00e0 partir de 16 ans). Que vous n&rsquo;ayez jamais appris ou que vous ayez arr\u00eat\u00e9 suite \u00e0 un accident, tout le monde est bienvenu.<br \/><br \/><strong><em>POURQUOI ?<\/em><\/strong> Pour apprendre \u00e0 faire du v\u00e9lo . Gr\u00e2ce \u00e0 des exercices tr\u00e8s progressifs, nous vous aiderons \u00e0 d\u00e9passer vos craintes pour r\u00e9ussir \u00e0 ma\u00eetriser les techniques de base, et ensuite vous permettre de conduire en ville.<br \/><br \/><strong><em>QUAND ?<\/em><\/strong> Les mardis apr\u00e8s-midi de 14h \u00e0 16h sur un site non loin de notre local de l&rsquo;Argonne. Premi\u00e8re s\u00e9ance le 2 d\u00e9cembre 2025 (inscrivez-vous vite \ud83d\ude09 !<br \/><br \/><strong><em>COMMENT ? <\/em><\/strong><br \/>&#8211; cours collectif par groupe de 15 et sous-groupes de niveau, anim\u00e9 par un animateur dipl\u00f4m\u00e9 et des b\u00e9n\u00e9voles<br \/>&#8211; les v\u00e9lo, casque et gilet de visibilit\u00e9 vous seront pr\u00eat\u00e9s<br \/>&#8211; 5 s\u00e9ances pour la remise en selle <br \/>&#8211; nombre de s\u00e9ances illimit\u00e9 pendant 1 an pour les grand.e.s d\u00e9butant.e.s<br \/><br \/><em><strong>INSCRIPTION : <\/strong><\/em>par mail (<em>velo.ecole.1terreactions@gmail.com<\/em>) ou par <em>07.68.28.62.15<\/em><br \/><br \/><em><strong>TARIFS <\/strong><\/em> : nous contacter pour \u00e9tablir un devis<br \/><br \/><\/p>\n\t\t\t\t\t\t\t\t<\/div>\n\t\t\t\t\t<\/div>\n\t\t\t\t<\/div>\n\t\t\t\t<\/div>\n\t\t","protected":false},"excerpt":{"rendered":"<p>V\u00e9lo-\u00e9cole \u00c7a y est, 1-Terre-Actions ouvre enfin sa v\u00e9lo-\u00e9cole \u00e0 destination des adultes ! POUR QUI ? Pour toutes les personnes qui souhaitent apprendre ou r\u00e9apprendre \u00e0 faire du v\u00e9lo (\u00e0 partir de 16 ans). Que vous n&rsquo;ayez jamais appris ou que vous ayez arr\u00eat\u00e9 suite \u00e0 un accident, tout le monde est bienvenu. POURQUOI ? Pour apprendre \u00e0 faire du v\u00e9lo . Gr\u00e2ce \u00e0 des exercices tr\u00e8s progressifs, nous vous aiderons \u00e0 d\u00e9passer vos craintes pour r\u00e9ussir \u00e0 ma\u00eetriser les techniques de base, et ensuite vous permettre de conduire en ville. QUAND ? Les mardis apr\u00e8s-midi de 14h \u00e0 16h sur un site non loin de notre local de l&rsquo;Argonne. Premi\u00e8re s\u00e9ance le 2 d\u00e9cembre 2025 (inscrivez-vous vite \ud83d\ude09 ! COMMENT ? &#8211; cours collectif par groupe de 15 et sous-groupes de niveau, anim\u00e9 par un animateur dipl\u00f4m\u00e9 et des b\u00e9n\u00e9voles&#8211; les v\u00e9lo, casque et gilet de visibilit\u00e9 vous seront pr\u00eat\u00e9s&#8211; 5 s\u00e9ances pour la remise en selle &#8211; nombre de s\u00e9ances illimit\u00e9 pendant 1 an pour les grand.e.s d\u00e9butant.e.s INSCRIPTION : par mail (velo.ecole.1terreactions@gmail.com) ou par 07.68.28.62.15 TARIFS : nous contacter pour \u00e9tablir un devis<\/p>\n","protected":false},"author":2,"featured_media":0,"parent":0,"menu_order":0,"comment_status":"closed","ping_status":"closed","template":"","meta":{"site-sidebar-layout":"default","site-content-layout":"","ast-site-content-layout":"default","site-content-style":"default","site-sidebar-style":"default","ast-global-header-display":"","ast-banner-title-visibility":"","ast-main-header-display":"","ast-hfb-above-header-display":"","ast-hfb-below-header-display":"","ast-hfb-mobile-header-display":"","site-post-title":"","ast-breadcrumbs-content":"","ast-featured-img":"","footer-sml-layout":"","ast-disable-related-posts":"","theme-transparent-header-meta":"","adv-header-id-meta":"","stick-header-meta":"","header-above-stick-meta":"","header-main-stick-meta":"","header-below-stick-meta":"","astra-migrate-meta-layouts":"default","ast-page-background-enabled":"default","ast-page-background-meta":{"desktop":{"background-color":"var(--ast-global-color-5)","background-image":"","background-repeat":"repeat","background-position":"center center","background-size":"auto","background-attachment":"scroll","background-type":"","background-media":"","overlay-type":"","overlay-color":"","overlay-opacity":"","overlay-gradient":""},"tablet":{"background-color":"","background-image":"","background-repeat":"repeat","background-position":"center center","background-size":"auto","background-attachment":"scroll","background-type":"","background-media":"","overlay-type":"","overlay-color":"","overlay-opacity":"","overlay-gradient":""},"mobile":{"background-color":"","background-image":"","background-repeat":"repeat","background-position":"center center","background-size":"auto","background-attachment":"scroll","background-type":"","background-media":"","overlay-type":"","overlay-color":"","overlay-opacity":"","overlay-gradient":""}},"ast-content-background-meta":{"desktop":{"background-color":"var(--ast-global-color-4)","background-image":"","background-repeat":"repeat","background-position":"center center","background-size":"auto","background-attachment":"scroll","background-type":"","background-media":"","overlay-type":"","overlay-color":"","overlay-opacity":"","overlay-gradient":""},"tablet":{"background-color":"var(--ast-global-color-4)","background-image":"","background-repeat":"repeat","background-position":"center center","background-size":"auto","background-attachment":"scroll","background-type":"","background-media":"","overlay-type":"","overlay-color":"","overlay-opacity":"","overlay-gradient":""},"mobile":{"background-color":"var(--ast-global-color-4)","background-image":"","background-repeat":"repeat","background-position":"center center","background-size":"auto","background-attachment":"scroll","background-type":"","background-media":"","overlay-type":"","overlay-color":"","overlay-opacity":"","overlay-gradient":""}},"footnotes":""},"class_list":["post-155","page","type-page","status-publish","hentry"],"_links":{"self":[{"href":"https:\/\/www.1terreactions.org\/site\/wp-json\/wp\/v2\/pages\/155","targetHints":{"allow":["GET"]}}],"collection":[{"href":"https:\/\/www.1terreactions.org\/site\/wp-json\/wp\/v2\/pages"}],"about":[{"href":"https:\/\/www.1terreactions.org\/site\/wp-json\/wp\/v2\/types\/page"}],"author":[{"embeddable":true,"href":"https:\/\/www.1terreactions.org\/site\/wp-json\/wp\/v2\/users\/2"}],"replies":[{"embeddable":true,"href":"https:\/\/www.1terreactions.org\/site\/wp-json\/wp\/v2\/comments?post=155"}],"version-history":[{"count":17,"href":"https:\/\/www.1terreactions.org\/site\/wp-json\/wp\/v2\/pages\/155\/revisions"}],"predecessor-version":[{"id":1601,"href":"https:\/\/www.1terreactions.org\/site\/wp-json\/wp\/v2\/pages\/155\/revisions\/1601"}],"wp:attachment":[{"href":"https:\/\/www.1terreactions.org\/site\/wp-json\/wp\/v2\/media?parent=155"}],"curies":[{"name":"wp","href":"https:\/\/api.w.org\/{rel}","templated":true}]}}