{"id":703,"date":"2024-10-30T14:20:14","date_gmt":"2024-10-30T13:20:14","guid":{"rendered":"http:\/\/www.1terreactions.org\/site\/?page_id=703"},"modified":"2026-03-18T14:17:24","modified_gmt":"2026-03-18T13:17:24","slug":"cyclo-co","status":"publish","type":"page","link":"https:\/\/www.1terreactions.org\/site\/cyclo-co\/","title":{"rendered":"Cyclo &#038; Co"},"content":{"rendered":"\t\t<div data-elementor-type=\"wp-page\" data-elementor-id=\"703\" class=\"elementor elementor-703\">\n\t\t\t\t<div class=\"elementor-element elementor-element-6cf284ef e-flex e-con-boxed wpr-particle-no wpr-jarallax-no wpr-parallax-no wpr-sticky-section-no wpr-equal-height-no e-con e-parent\" data-id=\"6cf284ef\" data-element_type=\"container\" data-e-type=\"container\">\n\t\t\t\t\t<div class=\"e-con-inner\">\n\t\t\t\t<div class=\"elementor-element elementor-element-0c7a20d elementor-widget elementor-widget-heading\" data-id=\"0c7a20d\" data-element_type=\"widget\" data-e-type=\"widget\" data-widget_type=\"heading.default\">\n\t\t\t\t\t<h2 class=\"elementor-heading-title elementor-size-default\">Cyclo &amp; Co<\/h2>\t\t\t\t<\/div>\n\t\t\t\t<div class=\"elementor-element elementor-element-1b9a1279 elementor-widget elementor-widget-text-editor\" data-id=\"1b9a1279\" data-element_type=\"widget\" data-e-type=\"widget\" data-widget_type=\"text-editor.default\">\n\t\t\t\t\t\t\t\t\t\n<p>Depuis 2012, des projets sont men\u00e9s conjointement entre 1-Terre-Actions et Pierres&amp;Lumi\u00e8res aupr\u00e8s d&rsquo;habitant\u00b7e\u00b7s des quartiers prioritaires de la M\u00e9tropole d&rsquo;Orl\u00e9ans. <br \/>En 2022 sont mis en place des ateliers mobiles de r\u00e9paration de v\u00e9los des habitant\u00b7e\u00b7s en partenariat Valloire Habitat et Pierres&amp;Lumi\u00e8res . Ces ateliers ont rencontr\u00e9 un vif succ\u00e8s aupr\u00e8s de la population, justifiant la pr\u00e9paration d&rsquo;un projet plus ambitieux.<\/p>\n\n<p>Apr\u00e8s ces quelques ateliers en 2022, Valloire Habitat s&rsquo;est associ\u00e9 avec d&rsquo;autres bailleurs du territoire (LogemLoiret, 3F Centre Val de Loire, Scalis Polylogis, R\u00e9sidence de l&rsquo;Orl\u00e9anais, France Loire) pour rechercher des financements compl\u00e9mentaires (ALINOV et Fonds d&rsquo;Innovation Sociale) et inscrire le projet dans la dur\u00e9e. <br \/><br \/>Par cons\u00e9quent, toutes ces parties se sont rapproch\u00e9es pour signer ensemble une convention ! <br \/><br \/>Le projet Cyclo &amp; Co comprend donc 2 grands axes : <br \/>&#8211; l&rsquo;<strong>animation d&rsquo;atelier<\/strong> de diagnostic des v\u00e9los, d&rsquo;entraide, de petites r\u00e9parations et de sensibilisation \u00e0 l&rsquo;usage du v\u00e9lo. Il s&rsquo;agit d&rsquo;aller au plus pr\u00e8s des habitant\u00b7e\u00b7s, en pied d&rsquo;immeubles, afin de leur proposer de r\u00e9parer et apprendre \u00e0 r\u00e9parer leur v\u00e9lo plut\u00f4t que de le jeter. A terme, ces ateliers ont pour but d&rsquo;impacter positivement les repr\u00e9sentations et les comportements dans les modes de d\u00e9placements et de consommation. Voir les diff\u00e9rentes dates <a href=\"http:\/\/www.1terreactions.org\/site\/atelier-mobile\/\">ici<\/a>.<br \/>&#8211; la <strong>collecte de v\u00e9los<\/strong> abandonn\u00e9s, encombrant les locaux communs des immeubles.<\/p>\n\n<figure class=\"wp-block-image\"><img fetchpriority=\"high\" decoding=\"async\" width=\"1024\" height=\"768\" class=\"wp-image-712\" src=\"http:\/\/www.1terreactions.org\/site\/wp-content\/uploads\/2024\/10\/camion-1024x768.jpeg\" alt=\"\" srcset=\"https:\/\/www.1terreactions.org\/site\/wp-content\/uploads\/2024\/10\/camion-1024x768.jpeg 1024w, https:\/\/www.1terreactions.org\/site\/wp-content\/uploads\/2024\/10\/camion-300x225.jpeg 300w, https:\/\/www.1terreactions.org\/site\/wp-content\/uploads\/2024\/10\/camion-768x576.jpeg 768w\" sizes=\"(max-width: 1024px) 100vw, 1024px\" \/>\n<figcaption>Nouveau camion, partiellement financ\u00e9 par la convention du projet Cyclo&amp;Co<\/figcaption>\n<\/figure>\n\n<figure class=\"wp-block-image\"><img decoding=\"async\" width=\"1024\" height=\"576\" class=\"wp-image-715\" src=\"http:\/\/www.1terreactions.org\/site\/wp-content\/uploads\/2024\/10\/PXL_20240515_131719474-1024x576.jpg\" alt=\"\" srcset=\"https:\/\/www.1terreactions.org\/site\/wp-content\/uploads\/2024\/10\/PXL_20240515_131719474-1024x576.jpg 1024w, https:\/\/www.1terreactions.org\/site\/wp-content\/uploads\/2024\/10\/PXL_20240515_131719474-300x169.jpg 300w, https:\/\/www.1terreactions.org\/site\/wp-content\/uploads\/2024\/10\/PXL_20240515_131719474-768x432.jpg 768w\" sizes=\"(max-width: 1024px) 100vw, 1024px\" \/>\n<figcaption>Atelier Cyclo&amp;Co \u00e0 La Source<\/figcaption>\n<\/figure>\n\t\t\t\t\t\t\t\t<\/div>\n\t\t\t\t\t<\/div>\n\t\t\t\t<\/div>\n\t\t\t\t<\/div>\n\t\t","protected":false},"excerpt":{"rendered":"<p>Cyclo &amp; Co Depuis 2012, des projets sont men\u00e9s conjointement entre 1-Terre-Actions et Pierres&amp;Lumi\u00e8res aupr\u00e8s d&rsquo;habitant\u00b7e\u00b7s des quartiers prioritaires de la M\u00e9tropole d&rsquo;Orl\u00e9ans. En 2022 sont mis en place des ateliers mobiles de r\u00e9paration de v\u00e9los des habitant\u00b7e\u00b7s en partenariat Valloire Habitat et Pierres&amp;Lumi\u00e8res . Ces ateliers ont rencontr\u00e9 un vif succ\u00e8s aupr\u00e8s de la population, justifiant la pr\u00e9paration d&rsquo;un projet plus ambitieux. Apr\u00e8s ces quelques ateliers en 2022, Valloire Habitat s&rsquo;est associ\u00e9 avec d&rsquo;autres bailleurs du territoire (LogemLoiret, 3F Centre Val de Loire, Scalis Polylogis, R\u00e9sidence de l&rsquo;Orl\u00e9anais, France Loire) pour rechercher des financements compl\u00e9mentaires (ALINOV et Fonds d&rsquo;Innovation Sociale) et inscrire le projet dans la dur\u00e9e. Par cons\u00e9quent, toutes ces parties se sont rapproch\u00e9es pour signer ensemble une convention ! Le projet Cyclo &amp; Co comprend donc 2 grands axes : &#8211; l&rsquo;animation d&rsquo;atelier de diagnostic des v\u00e9los, d&rsquo;entraide, de petites r\u00e9parations et de sensibilisation \u00e0 l&rsquo;usage du v\u00e9lo. Il s&rsquo;agit d&rsquo;aller au plus pr\u00e8s des habitant\u00b7e\u00b7s, en pied d&rsquo;immeubles, afin de leur proposer de r\u00e9parer et apprendre \u00e0 r\u00e9parer leur v\u00e9lo plut\u00f4t que de le jeter. A terme, ces ateliers ont pour but d&rsquo;impacter positivement les repr\u00e9sentations et les comportements dans les modes de d\u00e9placements et de consommation. Voir les diff\u00e9rentes dates ici.&#8211; la collecte de v\u00e9los abandonn\u00e9s, encombrant les locaux communs des immeubles.<\/p>\n","protected":false},"author":2,"featured_media":0,"parent":0,"menu_order":0,"comment_status":"closed","ping_status":"closed","template":"","meta":{"site-sidebar-layout":"default","site-content-layout":"","ast-site-content-layout":"default","site-content-style":"default","site-sidebar-style":"default","ast-global-header-display":"","ast-banner-title-visibility":"","ast-main-header-display":"","ast-hfb-above-header-display":"","ast-hfb-below-header-display":"","ast-hfb-mobile-header-display":"","site-post-title":"","ast-breadcrumbs-content":"","ast-featured-img":"","footer-sml-layout":"","ast-disable-related-posts":"","theme-transparent-header-meta":"","adv-header-id-meta":"","stick-header-meta":"","header-above-stick-meta":"","header-main-stick-meta":"","header-below-stick-meta":"","astra-migrate-meta-layouts":"default","ast-page-background-enabled":"default","ast-page-background-meta":{"desktop":{"background-color":"var(--ast-global-color-5)","background-image":"","background-repeat":"repeat","background-position":"center center","background-size":"auto","background-attachment":"scroll","background-type":"","background-media":"","overlay-type":"","overlay-color":"","overlay-opacity":"","overlay-gradient":""},"tablet":{"background-color":"","background-image":"","background-repeat":"repeat","background-position":"center center","background-size":"auto","background-attachment":"scroll","background-type":"","background-media":"","overlay-type":"","overlay-color":"","overlay-opacity":"","overlay-gradient":""},"mobile":{"background-color":"","background-image":"","background-repeat":"repeat","background-position":"center center","background-size":"auto","background-attachment":"scroll","background-type":"","background-media":"","overlay-type":"","overlay-color":"","overlay-opacity":"","overlay-gradient":""}},"ast-content-background-meta":{"desktop":{"background-color":"var(--ast-global-color-4)","background-image":"","background-repeat":"repeat","background-position":"center center","background-size":"auto","background-attachment":"scroll","background-type":"","background-media":"","overlay-type":"","overlay-color":"","overlay-opacity":"","overlay-gradient":""},"tablet":{"background-color":"var(--ast-global-color-4)","background-image":"","background-repeat":"repeat","background-position":"center center","background-size":"auto","background-attachment":"scroll","background-type":"","background-media":"","overlay-type":"","overlay-color":"","overlay-opacity":"","overlay-gradient":""},"mobile":{"background-color":"var(--ast-global-color-4)","background-image":"","background-repeat":"repeat","background-position":"center center","background-size":"auto","background-attachment":"scroll","background-type":"","background-media":"","overlay-type":"","overlay-color":"","overlay-opacity":"","overlay-gradient":""}},"footnotes":""},"class_list":["post-703","page","type-page","status-publish","hentry"],"_links":{"self":[{"href":"https:\/\/www.1terreactions.org\/site\/wp-json\/wp\/v2\/pages\/703","targetHints":{"allow":["GET"]}}],"collection":[{"href":"https:\/\/www.1terreactions.org\/site\/wp-json\/wp\/v2\/pages"}],"about":[{"href":"https:\/\/www.1terreactions.org\/site\/wp-json\/wp\/v2\/types\/page"}],"author":[{"embeddable":true,"href":"https:\/\/www.1terreactions.org\/site\/wp-json\/wp\/v2\/users\/2"}],"replies":[{"embeddable":true,"href":"https:\/\/www.1terreactions.org\/site\/wp-json\/wp\/v2\/comments?post=703"}],"version-history":[{"count":9,"href":"https:\/\/www.1terreactions.org\/site\/wp-json\/wp\/v2\/pages\/703\/revisions"}],"predecessor-version":[{"id":1624,"href":"https:\/\/www.1terreactions.org\/site\/wp-json\/wp\/v2\/pages\/703\/revisions\/1624"}],"wp:attachment":[{"href":"https:\/\/www.1terreactions.org\/site\/wp-json\/wp\/v2\/media?parent=703"}],"curies":[{"name":"wp","href":"https:\/\/api.w.org\/{rel}","templated":true}]}}