{"id":726,"date":"2024-10-30T16:57:21","date_gmt":"2024-10-30T15:57:21","guid":{"rendered":"http:\/\/www.1terreactions.org\/site\/?page_id=726"},"modified":"2026-03-18T12:18:06","modified_gmt":"2026-03-18T11:18:06","slug":"atelier-reparation","status":"publish","type":"page","link":"https:\/\/www.1terreactions.org\/site\/atelier-reparation\/","title":{"rendered":"Atelier r\u00e9paration"},"content":{"rendered":"\t\t<div data-elementor-type=\"wp-page\" data-elementor-id=\"726\" class=\"elementor elementor-726\">\n\t\t\t\t<div class=\"elementor-element elementor-element-2c2024f0 e-flex e-con-boxed wpr-particle-no wpr-jarallax-no wpr-parallax-no wpr-sticky-section-no wpr-equal-height-no e-con e-parent\" data-id=\"2c2024f0\" data-element_type=\"container\" data-e-type=\"container\">\n\t\t\t\t\t<div class=\"e-con-inner\">\n\t\t\t\t<div class=\"elementor-element elementor-element-87617a6 elementor-widget elementor-widget-heading\" data-id=\"87617a6\" data-element_type=\"widget\" data-e-type=\"widget\" data-widget_type=\"heading.default\">\n\t\t\t\t\t<h2 class=\"elementor-heading-title elementor-size-default\">R\u00e9paration en atelier<\/h2>\t\t\t\t<\/div>\n\t\t\t\t<div class=\"elementor-element elementor-element-32b808d5 elementor-widget elementor-widget-text-editor\" data-id=\"32b808d5\" data-element_type=\"widget\" data-e-type=\"widget\" data-widget_type=\"text-editor.default\">\n\t\t\t\t\t\t\t\t\t\n<p>En plus des petites r\u00e9parations effectu\u00e9es en atelier mobile, 1-Terre-Actions propose \u00e9galement un service de r\u00e9paration dans nos ateliers \u00e0 l&rsquo;Argonne et \u00e0 La Source. <br \/>Ce service permet d&rsquo;effectuer des r\u00e9parations plus pouss\u00e9es. Ici tout est possible, du simple r\u00e9glage de freins \u00e0 la purge de freins hydrauliques, en passant par un d\u00e9voilage de roue ou un changement de fourche ! <br \/><br \/>Lors de votre rendez-vous, un\u00b7e technicien\u00b7ne chevronn\u00e9\u00b7e r\u00e9alisera un diagnostic de votre fid\u00e8le destrier et \u00e9tablira, avec vous, un devis. <br \/><br \/>Le d\u00e9lai de r\u00e9paration varie en fonction du flux de v\u00e9los dans l&rsquo;atelier et des r\u00e9parations \u00e0 effectuer. Alors n&rsquo;attendez pas, prenez vite rdv !<br \/><br \/>La prise de rdv s&rsquo;effectue par t\u00e9l\u00e9phone (plus d&rsquo;infos <a href=\"http:\/\/www.1terreactions.org\/site\/infos-pratiques\">ici<\/a>) et une adh\u00e9sion est n\u00e9cessaire (plus d&rsquo;infos <a href=\"https:\/\/www.1terreactions.org\/site\/adhesion\/\">ici<\/a>).<\/p>\n<p>Attention, nous n&rsquo;effectuons pas de r\u00e9parations express. Anticipez le d\u00e9lai de r\u00e9paration \ud83d\ude09<\/p>\n<p><br \/><br \/>\u00c9tant dans une dynamique de recyclage et de r\u00e9emploi, nous pouvons vous proposer, lorsque c&rsquo;est n\u00e9cessaire, de changer les pi\u00e8ces us\u00e9es de votre v\u00e9lo par des pi\u00e8ces d&rsquo;occasion en bon \u00e9tat.<br \/><br \/><br \/>Alors, avant de racheter un v\u00e9lo neuf, faites r\u00e9parer l&rsquo;ancien !<\/p>\n\n<figure class=\"wp-block-image\"><img fetchpriority=\"high\" decoding=\"async\" width=\"1024\" height=\"683\" class=\"wp-image-736\" src=\"http:\/\/www.1terreactions.org\/site\/wp-content\/uploads\/2024\/10\/petit-1terreactions07-1024x683.jpg\" alt=\"\" srcset=\"https:\/\/www.1terreactions.org\/site\/wp-content\/uploads\/2024\/10\/petit-1terreactions07-1024x683.jpg 1024w, https:\/\/www.1terreactions.org\/site\/wp-content\/uploads\/2024\/10\/petit-1terreactions07-300x200.jpg 300w, https:\/\/www.1terreactions.org\/site\/wp-content\/uploads\/2024\/10\/petit-1terreactions07-768x512.jpg 768w, https:\/\/www.1terreactions.org\/site\/wp-content\/uploads\/2024\/10\/petit-1terreactions07.jpg 1500w\" sizes=\"(max-width: 1024px) 100vw, 1024px\" \/><\/figure>\n<p>\u00a0<\/p>\n\n<figure class=\"wp-block-image\"><img decoding=\"async\" width=\"1024\" height=\"683\" class=\"wp-image-737\" src=\"http:\/\/www.1terreactions.org\/site\/wp-content\/uploads\/2024\/10\/petit-1terreactions08-1024x683.jpg\" alt=\"\" srcset=\"https:\/\/www.1terreactions.org\/site\/wp-content\/uploads\/2024\/10\/petit-1terreactions08-1024x683.jpg 1024w, https:\/\/www.1terreactions.org\/site\/wp-content\/uploads\/2024\/10\/petit-1terreactions08-300x200.jpg 300w, https:\/\/www.1terreactions.org\/site\/wp-content\/uploads\/2024\/10\/petit-1terreactions08-768x512.jpg 768w, https:\/\/www.1terreactions.org\/site\/wp-content\/uploads\/2024\/10\/petit-1terreactions08.jpg 1500w\" sizes=\"(max-width: 1024px) 100vw, 1024px\" \/><\/figure>\n\t\t\t\t\t\t\t\t<\/div>\n\t\t\t\t\t<\/div>\n\t\t\t\t<\/div>\n\t\t\t\t<\/div>\n\t\t","protected":false},"excerpt":{"rendered":"<p>R\u00e9paration en atelier En plus des petites r\u00e9parations effectu\u00e9es en atelier mobile, 1-Terre-Actions propose \u00e9galement un service de r\u00e9paration dans nos ateliers \u00e0 l&rsquo;Argonne et \u00e0 La Source. Ce service permet d&rsquo;effectuer des r\u00e9parations plus pouss\u00e9es. Ici tout est possible, du simple r\u00e9glage de freins \u00e0 la purge de freins hydrauliques, en passant par un d\u00e9voilage de roue ou un changement de fourche ! Lors de votre rendez-vous, un\u00b7e technicien\u00b7ne chevronn\u00e9\u00b7e r\u00e9alisera un diagnostic de votre fid\u00e8le destrier et \u00e9tablira, avec vous, un devis. Le d\u00e9lai de r\u00e9paration varie en fonction du flux de v\u00e9los dans l&rsquo;atelier et des r\u00e9parations \u00e0 effectuer. Alors n&rsquo;attendez pas, prenez vite rdv ! La prise de rdv s&rsquo;effectue par t\u00e9l\u00e9phone (plus d&rsquo;infos ici) et une adh\u00e9sion est n\u00e9cessaire (plus d&rsquo;infos ici). Attention, nous n&rsquo;effectuons pas de r\u00e9parations express. Anticipez le d\u00e9lai de r\u00e9paration \ud83d\ude09 \u00c9tant dans une dynamique de recyclage et de r\u00e9emploi, nous pouvons vous proposer, lorsque c&rsquo;est n\u00e9cessaire, de changer les pi\u00e8ces us\u00e9es de votre v\u00e9lo par des pi\u00e8ces d&rsquo;occasion en bon \u00e9tat. Alors, avant de racheter un v\u00e9lo neuf, faites r\u00e9parer l&rsquo;ancien !<\/p>\n","protected":false},"author":2,"featured_media":0,"parent":0,"menu_order":0,"comment_status":"closed","ping_status":"closed","template":"","meta":{"site-sidebar-layout":"default","site-content-layout":"","ast-site-content-layout":"default","site-content-style":"default","site-sidebar-style":"default","ast-global-header-display":"","ast-banner-title-visibility":"","ast-main-header-display":"","ast-hfb-above-header-display":"","ast-hfb-below-header-display":"","ast-hfb-mobile-header-display":"","site-post-title":"","ast-breadcrumbs-content":"","ast-featured-img":"","footer-sml-layout":"","ast-disable-related-posts":"","theme-transparent-header-meta":"","adv-header-id-meta":"","stick-header-meta":"","header-above-stick-meta":"","header-main-stick-meta":"","header-below-stick-meta":"","astra-migrate-meta-layouts":"default","ast-page-background-enabled":"default","ast-page-background-meta":{"desktop":{"background-color":"var(--ast-global-color-5)","background-image":"","background-repeat":"repeat","background-position":"center center","background-size":"auto","background-attachment":"scroll","background-type":"","background-media":"","overlay-type":"","overlay-color":"","overlay-opacity":"","overlay-gradient":""},"tablet":{"background-color":"","background-image":"","background-repeat":"repeat","background-position":"center center","background-size":"auto","background-attachment":"scroll","background-type":"","background-media":"","overlay-type":"","overlay-color":"","overlay-opacity":"","overlay-gradient":""},"mobile":{"background-color":"","background-image":"","background-repeat":"repeat","background-position":"center center","background-size":"auto","background-attachment":"scroll","background-type":"","background-media":"","overlay-type":"","overlay-color":"","overlay-opacity":"","overlay-gradient":""}},"ast-content-background-meta":{"desktop":{"background-color":"var(--ast-global-color-4)","background-image":"","background-repeat":"repeat","background-position":"center center","background-size":"auto","background-attachment":"scroll","background-type":"","background-media":"","overlay-type":"","overlay-color":"","overlay-opacity":"","overlay-gradient":""},"tablet":{"background-color":"var(--ast-global-color-4)","background-image":"","background-repeat":"repeat","background-position":"center center","background-size":"auto","background-attachment":"scroll","background-type":"","background-media":"","overlay-type":"","overlay-color":"","overlay-opacity":"","overlay-gradient":""},"mobile":{"background-color":"var(--ast-global-color-4)","background-image":"","background-repeat":"repeat","background-position":"center center","background-size":"auto","background-attachment":"scroll","background-type":"","background-media":"","overlay-type":"","overlay-color":"","overlay-opacity":"","overlay-gradient":""}},"footnotes":""},"class_list":["post-726","page","type-page","status-publish","hentry"],"_links":{"self":[{"href":"https:\/\/www.1terreactions.org\/site\/wp-json\/wp\/v2\/pages\/726","targetHints":{"allow":["GET"]}}],"collection":[{"href":"https:\/\/www.1terreactions.org\/site\/wp-json\/wp\/v2\/pages"}],"about":[{"href":"https:\/\/www.1terreactions.org\/site\/wp-json\/wp\/v2\/types\/page"}],"author":[{"embeddable":true,"href":"https:\/\/www.1terreactions.org\/site\/wp-json\/wp\/v2\/users\/2"}],"replies":[{"embeddable":true,"href":"https:\/\/www.1terreactions.org\/site\/wp-json\/wp\/v2\/comments?post=726"}],"version-history":[{"count":13,"href":"https:\/\/www.1terreactions.org\/site\/wp-json\/wp\/v2\/pages\/726\/revisions"}],"predecessor-version":[{"id":1583,"href":"https:\/\/www.1terreactions.org\/site\/wp-json\/wp\/v2\/pages\/726\/revisions\/1583"}],"wp:attachment":[{"href":"https:\/\/www.1terreactions.org\/site\/wp-json\/wp\/v2\/media?parent=726"}],"curies":[{"name":"wp","href":"https:\/\/api.w.org\/{rel}","templated":true}]}}