{"id":814,"date":"2025-02-28T16:19:31","date_gmt":"2025-02-28T15:19:31","guid":{"rendered":"http:\/\/www.1terreactions.org\/site\/?page_id=814"},"modified":"2025-04-17T15:00:00","modified_gmt":"2025-04-17T13:00:00","slug":"english","status":"publish","type":"page","link":"https:\/\/www.1terreactions.org\/site\/english\/","title":{"rendered":"1-Terre-Actions for non-french speakers"},"content":{"rendered":"\n<p>Hello and welcome to the 1-Terre-Actions website ! <\/p>\n\n\n\n<p>As french persons, we speak english like a spanish cow, but we&rsquo;ll try to make it understandable.<br><br>1-Terre-Actions is a non-profit organization where you can :<br>   &#8211; make repair your bike<br>   &#8211; learn how to repair your bike<br>   &#8211; buy a beautiful second hand bike, completely repaired<br><br>We have <strong>2 workshops<\/strong> in Orl\u00e9ans : in the Argonne district and in the La Source district.<br>We also have a <strong>flying crew<\/strong>, moving through Orl\u00e9ans and cities around. On these mobile workshops, we offer you free easy repairs (brake, derailleur, tyre, inner tube). You can find the adress of our next event on our page <a href=\"http:\/\/www.1terreactions.org\/site\/atelier-mobile\/\">Ateliers Mobiles<\/a> or on the <a href=\"https:\/\/www.orleans-metropole.fr\/actualites\/detail\/les-ateliers-velos-de-retour-sur-la-metropole-orleanaise\">Orl\u00e9ans M\u00e9tropole website.<\/a><\/p>\n\n\n\n<p><\/p>\n\n\n\n<div class=\"wp-block-image\"><figure class=\"aligncenter is-resized\"><img fetchpriority=\"high\" decoding=\"async\" src=\"http:\/\/www.1terreactions.org\/site\/wp-content\/uploads\/2025\/02\/18.06.24--771x1024.jpg\" alt=\"\" class=\"wp-image-829\" width=\"343\" height=\"456\" srcset=\"https:\/\/www.1terreactions.org\/site\/wp-content\/uploads\/2025\/02\/18.06.24--771x1024.jpg 771w, https:\/\/www.1terreactions.org\/site\/wp-content\/uploads\/2025\/02\/18.06.24--226x300.jpg 226w, https:\/\/www.1terreactions.org\/site\/wp-content\/uploads\/2025\/02\/18.06.24--768x1020.jpg 768w\" sizes=\"(max-width: 343px) 100vw, 343px\" \/><\/figure><\/div>\n\n\n\n<p><br><br><strong>ADRESS AND TIMETABLE<\/strong><br>   &#8211; Argonne : <a href=\"https:\/\/maps.app.goo.gl\/vbNVcScL1Jz5djDw9\">15 rue du Grand Villiers, Orl\u00e9ans<\/a><br>Tram B, stop Grand Villiers<br>From Wednesday to Friday : 9:00 to 12:30 and 1:30 to 6:00<br>Saturday : 10:00 to 1:00<br>   &#8211; La Source : <a href=\"https:\/\/maps.app.goo.gl\/nAZXjBmiY29i6zaY7\">6 rue Alain, Orl\u00e9ans<\/a><br>Tram A, stop Boli\u00e8re<br>Wednesday from 2:00 to 5:00<br><br><strong>CONTACT<\/strong><br>Email : 1terreactions@gmail.com<br>Phone number :  +33768286215 <br><br><br>Want to <strong>repair your bike<\/strong> ? <br>You can book an appointment by calling us : +33768286215. Bring your bike on the chosen day. A mechanic will establish a quotation of the work. If you accept it, we will keep your bike for between 1 day and 2 weeks (depending on the period). You will receive an text message when your bike is ready to go back home !<br><br>Want to <strong>learn how to repair<\/strong> your bike ? <br>You can book an appointment here l&rsquo;<a href=\"https:\/\/resaclick.net\/1terreactionsargonne\">Argonne <\/a>et here for <a href=\"https:\/\/resaclick.net\/1terreactionslasour\">La Source<\/a>. Bring your bike and your motivation on the chosen day. On this day, <strong>you will be the mechanic<\/strong> ! During 1 hour, you will repair your bike with the help and advices of our passionate mechanic.<br><br> <br>For the repair and the auto-repairing, you need to have a <strong>membership<\/strong>.<br>You can suscribe it <a href=\"https:\/\/www.helloasso.com\/associations\/1-terre-actions\/adhesions\/bulletin-d-adhesion\/1\">here<\/a>. The membership is for 1 year (from date to date). <br>There are 2 prices : 20\u20ac and 10\u20ac (for students and unemployed persons).  <\/p>\n\n\n\n<div class=\"wp-block-image\"><figure class=\"aligncenter is-resized\"><img decoding=\"async\" src=\"http:\/\/www.1terreactions.org\/site\/wp-content\/uploads\/2024\/10\/petit-1terreactions07-1024x683.jpg\" alt=\"\" class=\"wp-image-736\" width=\"504\" height=\"335\" srcset=\"https:\/\/www.1terreactions.org\/site\/wp-content\/uploads\/2024\/10\/petit-1terreactions07-1024x683.jpg 1024w, https:\/\/www.1terreactions.org\/site\/wp-content\/uploads\/2024\/10\/petit-1terreactions07-300x200.jpg 300w, https:\/\/www.1terreactions.org\/site\/wp-content\/uploads\/2024\/10\/petit-1terreactions07-768x512.jpg 768w, https:\/\/www.1terreactions.org\/site\/wp-content\/uploads\/2024\/10\/petit-1terreactions07.jpg 1500w\" sizes=\"(max-width: 504px) 100vw, 504px\" \/><\/figure><\/div>\n\n\n\n<p><br>Want to <strong>buy a second hand bike<\/strong> ? <br>Come to the Argonne workshop and choose your future best friend !<br>The price varies between 50\u20ac to 200\u20ac, depending on the bike, the repairs made, the accessories,&#8230;<br>To buy a bike, you need to have a membership. You can have classic one (allowing you to access our services for 1 year) or a 2-months membership (5\u20ac). You can suscribe a classic one <a href=\"https:\/\/www.helloasso.com\/associations\/1-terre-actions\/adhesions\/bulletin-d-adhesion\/1\">here <\/a>or the 2-months one when you come.<br>We also have few bikes at <a href=\"http:\/\/comptoirdureemploi.fr\/\">Le Comptoir du R\u00e9emploi.<\/a> There, you don&rsquo;t need to have a membership.<\/p>\n\n\n\n<div class=\"wp-block-image\"><figure class=\"aligncenter is-resized\"><img decoding=\"async\" src=\"http:\/\/www.1terreactions.org\/site\/wp-content\/uploads\/2024\/10\/image1.jpeg\" alt=\"\" class=\"wp-image-612\" width=\"224\" height=\"298\"\/><\/figure><\/div>\n\n\n\n<p>Want to <strong>volonteer <\/strong>? <br>You don&rsquo;t need to be the perfect mechanic to come and join us. We are always looking for new volonteers. You can come to dismantle and repair bikes, clean and tidy bike parts, help the flying crew, mow the lawn, propose bike trips or bike movie nights,&#8230;<br>Every new ideas are welcome ! <br><\/p>\n\n\n\n<p style=\"text-align:center\"><br><strong><br>We hope to see you soon ! <\/strong><\/p>\n\n\n\n<div class=\"wp-block-image\"><figure class=\"aligncenter is-resized\"><img loading=\"lazy\" decoding=\"async\" src=\"http:\/\/www.1terreactions.org\/site\/wp-content\/uploads\/2017\/12\/1terreaction.png\" alt=\"\" class=\"wp-image-68\" width=\"123\" height=\"123\" srcset=\"https:\/\/www.1terreactions.org\/site\/wp-content\/uploads\/2017\/12\/1terreaction.png 619w, https:\/\/www.1terreactions.org\/site\/wp-content\/uploads\/2017\/12\/1terreaction-150x150.png 150w, https:\/\/www.1terreactions.org\/site\/wp-content\/uploads\/2017\/12\/1terreaction-300x300.png 300w\" sizes=\"(max-width: 123px) 100vw, 123px\" \/><\/figure><\/div>\n","protected":false},"excerpt":{"rendered":"<p>Hello and welcome to the 1-Terre-Actions website ! As french persons, we speak english like a spanish cow, but we&rsquo;ll try to make it understandable. 1-Terre-Actions is a non-profit organization where you can : &#8211; make repair your bike &#8211; learn how to repair your bike &#8211; buy a beautiful second hand bike, completely repaired We have 2 workshops in Orl\u00e9ans : in the Argonne district and in the La Source district.We also have a flying crew, moving through Orl\u00e9ans and cities around. On these mobile workshops, we offer you free easy repairs (brake, derailleur, tyre, inner tube). You can find the adress of our next event on our page Ateliers Mobiles or on the Orl\u00e9ans M\u00e9tropole website. ADRESS AND TIMETABLE &#8211; Argonne : 15 rue du Grand Villiers, Orl\u00e9ansTram B, stop Grand VilliersFrom Wednesday to Friday : 9:00 to 12:30 and 1:30 to 6:00Saturday : 10:00 to 1:00 &#8211; La Source : 6 rue Alain, Orl\u00e9ansTram A, stop Boli\u00e8reWednesday from 2:00 to 5:00 CONTACTEmail : 1terreactions@gmail.comPhone number : +33768286215 Want to repair your bike ? You can book an appointment by calling us : +33768286215. Bring your bike on the chosen day. A mechanic will establish a quotation of the work. If you accept it, we will keep your bike for between 1 day and 2 weeks (depending on the period). You will receive an text message when your bike is ready to go back home ! Want to learn how to repair your bike ? You can book an appointment here l&rsquo;Argonne et here for La Source. Bring your bike and your motivation on the chosen day. On this day, you will be the mechanic ! During 1 hour, you will repair your bike with the help and advices of our passionate mechanic. For the repair and the auto-repairing, you need to have a membership.You can suscribe it here. The membership is for 1 year (from date to date). There are 2 prices : 20\u20ac and 10\u20ac (for students and unemployed persons). Want to buy a second hand bike ? Come to the Argonne workshop and choose your future best friend !The price varies between 50\u20ac to 200\u20ac, depending on the bike, the repairs made, the accessories,&#8230;To buy a bike, you need to have a membership. You can have classic one (allowing you to access our services for 1 year) or a 2-months membership (5\u20ac). You can suscribe a classic one here or the 2-months one when you come.We also have few bikes at Le Comptoir du R\u00e9emploi. There, you don&rsquo;t need to have a membership. Want to volonteer ? You don&rsquo;t need to be the perfect mechanic to come and join us. We are always looking for new volonteers. You can come to dismantle and repair bikes, clean and tidy bike parts, help the flying crew, mow the lawn, propose bike trips or bike movie nights,&#8230;Every new ideas are welcome ! We hope to see you soon !<\/p>\n","protected":false},"author":2,"featured_media":0,"parent":0,"menu_order":0,"comment_status":"closed","ping_status":"closed","template":"","meta":{"site-sidebar-layout":"default","site-content-layout":"","ast-site-content-layout":"default","site-content-style":"default","site-sidebar-style":"default","ast-global-header-display":"","ast-banner-title-visibility":"","ast-main-header-display":"","ast-hfb-above-header-display":"","ast-hfb-below-header-display":"","ast-hfb-mobile-header-display":"","site-post-title":"","ast-breadcrumbs-content":"","ast-featured-img":"","footer-sml-layout":"","ast-disable-related-posts":"","theme-transparent-header-meta":"","adv-header-id-meta":"","stick-header-meta":"","header-above-stick-meta":"","header-main-stick-meta":"","header-below-stick-meta":"","astra-migrate-meta-layouts":"default","ast-page-background-enabled":"default","ast-page-background-meta":{"desktop":{"background-color":"var(--ast-global-color-5)","background-image":"","background-repeat":"repeat","background-position":"center center","background-size":"auto","background-attachment":"scroll","background-type":"","background-media":"","overlay-type":"","overlay-color":"","overlay-opacity":"","overlay-gradient":""},"tablet":{"background-color":"","background-image":"","background-repeat":"repeat","background-position":"center center","background-size":"auto","background-attachment":"scroll","background-type":"","background-media":"","overlay-type":"","overlay-color":"","overlay-opacity":"","overlay-gradient":""},"mobile":{"background-color":"","background-image":"","background-repeat":"repeat","background-position":"center center","background-size":"auto","background-attachment":"scroll","background-type":"","background-media":"","overlay-type":"","overlay-color":"","overlay-opacity":"","overlay-gradient":""}},"ast-content-background-meta":{"desktop":{"background-color":"var(--ast-global-color-4)","background-image":"","background-repeat":"repeat","background-position":"center center","background-size":"auto","background-attachment":"scroll","background-type":"","background-media":"","overlay-type":"","overlay-color":"","overlay-opacity":"","overlay-gradient":""},"tablet":{"background-color":"var(--ast-global-color-4)","background-image":"","background-repeat":"repeat","background-position":"center center","background-size":"auto","background-attachment":"scroll","background-type":"","background-media":"","overlay-type":"","overlay-color":"","overlay-opacity":"","overlay-gradient":""},"mobile":{"background-color":"var(--ast-global-color-4)","background-image":"","background-repeat":"repeat","background-position":"center center","background-size":"auto","background-attachment":"scroll","background-type":"","background-media":"","overlay-type":"","overlay-color":"","overlay-opacity":"","overlay-gradient":""}},"footnotes":""},"class_list":["post-814","page","type-page","status-publish","hentry"],"_links":{"self":[{"href":"https:\/\/www.1terreactions.org\/site\/wp-json\/wp\/v2\/pages\/814","targetHints":{"allow":["GET"]}}],"collection":[{"href":"https:\/\/www.1terreactions.org\/site\/wp-json\/wp\/v2\/pages"}],"about":[{"href":"https:\/\/www.1terreactions.org\/site\/wp-json\/wp\/v2\/types\/page"}],"author":[{"embeddable":true,"href":"https:\/\/www.1terreactions.org\/site\/wp-json\/wp\/v2\/users\/2"}],"replies":[{"embeddable":true,"href":"https:\/\/www.1terreactions.org\/site\/wp-json\/wp\/v2\/comments?post=814"}],"version-history":[{"count":16,"href":"https:\/\/www.1terreactions.org\/site\/wp-json\/wp\/v2\/pages\/814\/revisions"}],"predecessor-version":[{"id":902,"href":"https:\/\/www.1terreactions.org\/site\/wp-json\/wp\/v2\/pages\/814\/revisions\/902"}],"wp:attachment":[{"href":"https:\/\/www.1terreactions.org\/site\/wp-json\/wp\/v2\/media?parent=814"}],"curies":[{"name":"wp","href":"https:\/\/api.w.org\/{rel}","templated":true}]}}